    

{"id":8,"date":"2016-01-09T16:40:25","date_gmt":"2016-01-09T16:40:25","guid":{"rendered":"http:\/\/zzzzsbg.rs\/?page_id=8"},"modified":"2026-02-05T08:32:46","modified_gmt":"2026-02-05T07:32:46","slug":"pocetna","status":"publish","type":"page","link":"https:\/\/zzzzsbg.rs\/rs\/","title":{"rendered":"Po\u010detna"},"content":{"rendered":"<p>[vc_row][vc_column][vc_column_text][\/vc_column_text][\/vc_column][\/vc_row][vc_row][vc_column width=&#8221;1\/4&#8243;][vc_widget_sidebar sidebar_id=&#8221;mainbody&#8221;][\/vc_column][vc_column width=&#8221;3\/4&#8243;][\/vc_column][\/vc_row][vc_row full_width=&#8221;stretch_row_content_no_spaces&#8221;][vc_column width=&#8221;1\/2&#8243;][vc_column_text]<\/p>\n<h4><strong>DOBRODO\u0160LI NA SAJT ZAVODA!<\/strong><\/h4>\n<p>Dragi studenti,<br \/>\nZadovol\u0458stvo nam je da vam predstavimo internet prezentaciju Zavoda za zdravstvenu za\u0161titu studenata, Beograd.<br \/>\nZavod je ustanova tradicionalno posve\u0107ena zdravl\u0458u studenata i predstavl\u0458a najbol\u0458e mesto na kojem mo\u017eete dobiti dragocene savete i usluge kako da ostanete zdravi ili re\u0161ite aktuelni zdravstveni problem. <strong><a href=\"http:\/\/zzzzsbg.rs\/sr\/%D0%BE-nama\/\">Detaljnije&#8230;<\/a><\/strong>[\/vc_column_text][vc_column_text]<span style=\"color: #000000;\">Po\u0161tovani,<\/span><\/p>\n<p><span style=\"color: #000000;\">Povodom teksta koji je objavl\u0458en na portalu N1 o otkazu dr Mile Pauni\u0107, \u017eelimo da informi\u0161emo javnost \u00a0da je dr Mila Pauni\u0107 oti\u0161la u starosnu penziju avgusta 2024.godine, a da je nakon toga, kao penzionerka, u skladu sa Zakonom, zasnovala radni odnos na odre\u0111eno vreme do \u0161est meseci, zbog pove\u0107anog obima posla, a koji isti\u010de za mesec\u00a0 dana.<\/span><\/p>\n<p><span style=\"color: #000000;\">Tako da taj podatak obesmi\u0161l\u0458ava ovaj \u201cmoralni \u010din\u201c dr Mile Pauni\u0107.<\/span><\/p>\n<p><span style=\"color: #000000;\">Razlozi za prekid radnog odnosa na odre\u0111eno vreme, koje koleginica dr Pauni\u0107 navodi, a upu\u0107uju na navodni pritisak, te zaustavl\u0458anje inicijative zaposlenih u Zavodu za zdravstvenu za\u0161titu studenata\u00a0 (sa stacionarom), su neistiniti.<\/span><\/p>\n<p><span style=\"color: #000000;\">Nikakvog pritiska, niti inicijative nije bilo, te verujemo da je odluka dr Mile Pauni\u0107 li\u010dna i vrlo verovatno motivisana njenim li\u010dnim ambicijama.<\/span><\/p>\n<p><span style=\"color: #000000;\">Zavod za zdravstvenu za\u0161titu studenata (sa stacionarom) je zdravstvena ustanova koja decenijama unazad uspe\u0161no brine o zdravl\u0458u ove, za dru\u0161tvo, posebno zna\u010dajne kategorije stanovni\u0161tva, a svi njeni zaposleni tome nesebi\u010dno i profesionalno doprinose.<\/span><\/p>\n<p>&nbsp;<\/p>\n<p style=\"text-align: right;\"><span style=\"color: #000000;\">v.d.direktora Zavoda<\/span><\/p>\n<p style=\"text-align: right;\"><span style=\"color: #000000;\">doc.dr Vladan \u0110or\u0111evi\u0107<\/span><\/p>\n<p>[\/vc_column_text][vc_column_text]<\/p>\n<h3 style=\"text-align: center;\"><span style=\"color: #000000;\"><strong>SLU\u017dBE ZAVODA SA RADNIM VREMENOM I KONTAKT TELEFONIMA<\/strong><\/span><\/h3>\n<p style=\"text-align: center;\"><a href=\"https:\/\/zzzzsbg.rs\/rs\/raspored-rada-lekara\/\" target=\"_blank\" rel=\"noopener\"><span style=\"color: #000000;\"><strong><span style=\"text-decoration: underline;\">NEDELjNI RASPORED RADA LEKARA SE OBJAVLjUJE NA INTERNET STRANICI ZAVODA<\/span><\/strong><\/span><\/a><\/p>\n<p>[\/vc_column_text][vc_column_text]<\/p>\n<p><img loading=\"lazy\" decoding=\"async\" class=\"aligncenter size-full wp-image-20695\" src=\"https:\/\/zzzzsbg.rs\/wp-content\/uploads\/2026\/02\/Latinica-2.2.2026.-1.jpg\" alt=\"\" width=\"615\" height=\"797\" srcset=\"https:\/\/zzzzsbg.rs\/wp-content\/uploads\/2026\/02\/Latinica-2.2.2026.-1.jpg 615w, https:\/\/zzzzsbg.rs\/wp-content\/uploads\/2026\/02\/Latinica-2.2.2026.-1-231x300.jpg 231w\" sizes=\"auto, (max-width: 615px) 100vw, 615px\" \/><\/p>\n<p><img loading=\"lazy\" decoding=\"async\" class=\"aligncenter size-full wp-image-20707\" src=\"https:\/\/zzzzsbg.rs\/wp-content\/uploads\/2026\/02\/Latinica-5.2.2026.-2.jpg\" alt=\"\" width=\"603\" height=\"803\" srcset=\"https:\/\/zzzzsbg.rs\/wp-content\/uploads\/2026\/02\/Latinica-5.2.2026.-2.jpg 603w, https:\/\/zzzzsbg.rs\/wp-content\/uploads\/2026\/02\/Latinica-5.2.2026.-2-225x300.jpg 225w\" sizes=\"auto, (max-width: 603px) 100vw, 603px\" \/>[\/vc_column_text][vc_column_text][\/vc_column_text][vc_single_image image=&#8221;16639&#8243; img_size=&#8221;large&#8221;][vc_column_text]<\/p>\n<h3 style=\"text-align: center;\"><span style=\"color: #ff0000;\"><strong>OBAVE\u0160TEN\u0458E<\/strong><\/span><\/h3>\n<h3 style=\"text-align: center;\"><span style=\"color: #ff0000;\"><strong>za studente koji se usel\u0458avaju u studentske domove<\/strong><\/span><\/h3>\n<h4 style=\"text-align: center;\"><span style=\"color: #000000;\"><strong>PO\u0160TOVANI STUDENTI, OBAVE\u0160TAVAMO VAS DA SE LEKARSKI PREGLEDI ZA USELjEN\u0458E U STUDENTSKE DOMOVE MOGU OBAVITI OD 23.09.2024.GODINE!<\/strong><\/span><\/h4>\n<h5 style=\"text-align: center;\"><span style=\"color: #000000;\"><strong>Lekarski pregledi studenata za usel\u0458enje u studentski dom obavl\u0458aju se na slede\u0107im punktovima:<\/strong><\/span><\/h5>\n<h5 style=\"text-align: center;\"><span style=\"color: #ffffff;\"><strong>1<\/strong><\/span><\/h5>\n<h5 style=\"text-align: center;\"><span style=\"color: #000000;\"><strong><u>Zdravstvena ambulanta u studentskom domu \u201eKaraburma\u201c<\/u><\/strong><strong>, ulica Mije Kova\u010devi\u0107a 7 b<\/strong><\/span><\/h5>\n<h5 style=\"text-align: center;\"><span style=\"color: #000000;\"><strong>od 23. do 30.09.2024. godine radnim danom od 7:00 do 17:00 \u010dasova<\/strong><\/span><\/h5>\n<h5 style=\"text-align: center;\"><span style=\"color: #000000;\"><strong>28.09.2024. godine (subota) od 8:00 do 18:00 \u010dasova<\/strong><\/span><\/h5>\n<h5 style=\"text-align: center;\"><span style=\"color: #ffffff;\"><strong>1<\/strong><\/span><\/h5>\n<h5 style=\"text-align: center;\"><strong>\u00a0<span style=\"color: #000000;\"><u>Zdravstvena ambulanta u Studentskom gradu<\/u>, (Prvi blok, F krilo)<\/span><\/strong><\/h5>\n<h5 style=\"text-align: center;\"><span style=\"color: #000000;\"><strong>radnim danom od 08 do 14:30 \u010dasova<\/strong><\/span><\/h5>\n<h5 style=\"text-align: center;\"><span style=\"color: #ffffff;\"><strong>1<\/strong><\/span><\/h5>\n<h5 style=\"text-align: center;\"><span style=\"color: #000000;\"><strong>\u00a0<u>Ambulanta u Studentskoj poliklinici<\/u>, ulica Krunska 57 (prvi sprat, soba 1.10)<\/strong><\/span><\/h5>\n<h5 style=\"text-align: center;\"><span style=\"color: #000000;\"><strong>radnim danom od 08 do 19 \u010dasova<\/strong><\/span><\/h5>\n<h5 style=\"text-align: center;\"><span style=\"color: #ffffff;\"><strong>1<\/strong><\/span><\/h5>\n<h4 style=\"text-align: center;\"><strong><span style=\"color: #000000;\">ZA PREGLED JE POTREBNO: Studentska elektronska kartica, 900 dinara.<\/span><\/strong><\/h4>\n<p>[\/vc_column_text][\/vc_column][vc_column width=&#8221;1\/2&#8243;][vc_single_image image=&#8221;16640&#8243; img_size=&#8221;650&#215;550&#8243;][vc_widget_sidebar sidebar_id=&#8221;tab1&#8243;][\/vc_column][\/vc_row][vc_row][vc_column][vc_column_text]<\/p>\n<hr \/>\n<h4><span style=\"color: #ff0000;\"><strong>Mentalno zdravl\u0458e mladih \u2013 dana\u0161nji izazovi!<\/strong><\/span><\/h4>\n<p><span style=\"color: #000000;\">Mentalno zdravl\u0458e je osnova sposobnosti razmi\u0161l\u0458anja, ose\u0107anja, me\u0111usobnih odnosa i u\u017eivanja u \u017eivotu. Na taj na\u010din, ono predstavl\u0458a sveukupnu psiholo\u0161ku, emocionalnu i dru\u0161tvenu dobrobit osobe i uti\u010de na to kako l\u0458udi misle, ose\u0107aju i rade. Da bismo bili mentalno zdravi i sre\u0107ni potrebno je da volimo sebe i druge i da sve to delimo sa drugima.<\/span> <strong><a href=\"https:\/\/zzzzsbg.rs\/rs\/mentalno-zdravlje-mladih-danasnji-izazovi-2\/\">Detal\u0458nije&#8230;<\/a><\/strong><\/p>\n<p><strong><span style=\"color: #3366ff;\">Obave\u0161tenje o vakcinaciji:<\/span><span style=\"color: #000000;\">Po\u0161tovani studenti, u\u00a0ZZZZ Studenata Beograd mo\u017eete dobiti vakcine protiv Tetanusa i protiv hepatitisa B.<\/span><\/strong><\/p>\n<p>[\/vc_column_text][\/vc_column][\/vc_row][vc_row][vc_column width=&#8221;1\/2&#8243;][vc_text_separator title=&#8221;PREVENTIVNI PREGLEDI&#8221; color=&#8221;custom&#8221; style=&#8221;dotted&#8221; accent_color=&#8221;#cd2323&#8243;]<div class=\"featured-box \" ><div class=\"square-2\"><i class=\"icon-users-1\"><\/i><\/div><div class=\"featured-desc-2\"><h3>Sistematski pregledi<\/h3><p><span style=\"color: #000000;\">Sistematski pregledi studenata obavl\u0458aju se svakog radnog dana prema zakazanom rasporedu\u2026<\/span><span style=\"font-weight: normal;\"><\/p><a href=\"http:\/\/zzzzsbg.rs\/sistematski-pregledi\/\" class=\"button_sc line small\"><span>Detaljnije...<\/span><\/a> <\/div><\/div><div class=\"featured-box \" ><div class=\"square-2\"><i class=\"icon-home\"><\/i><\/div><div class=\"featured-desc-2\"><h3>Pregledi za dom<\/h3><p>Lekarski pregledi studenata za usel\u0458enje u studentski dom obavl\u0458aju se svakog radnog dana na slede\u0107im punktovima:<\/p><a href=\"http:\/\/zzzzsbg.rs\/pregledi-za-dom\/\" class=\"button_sc line small\"><span>Detaljnije...<\/span><\/a> <\/div><\/div><div class=\"featured-box \" ><div class=\"square-2\"><i class=\"icon-note-1\"><\/i><\/div><div class=\"featured-desc-2\"><h3>Lekarska uverenja<\/h3><p><\/span><span style=\"color: #000000;\">U Zavodu za zdravstvenu za\u0161titu studenata, mo\u017eete obaviti i preglede za izdavanje lekarskih uverenja\u2026<\/span><span style=\"font-weight: normal;\"><\/p><a href=\"http:\/\/zzzzsbg.rs\/lekarska-uverenja-2\/\" class=\"button_sc line small\"><span>Detaljnije...<\/span><\/a> <\/div><\/div>[\/vc_column][vc_column width=&#8221;1\/2&#8243;][vc_text_separator title=&#8221;AKTUELNOSTI&#8221; color=&#8221;juicy_pink&#8221; style=&#8221;dotted&#8221;][vc_widget_sidebar sidebar_id=&#8221;tab2&#8243;][\/vc_column][\/vc_row][vc_row][vc_column][vc_separator color=&#8221;white&#8221;][\/vc_column][\/vc_row][vc_row][\/vc_row][vc_column width=&#8221;1\/4&#8243;][vc_separator color=&#8221;juicy_pink&#8221;][vc_column_text]<\/span><\/p>\n<p style=\"text-align: center;\"><span style=\"color: #2d3e52;\"><strong>KRUNSKA<\/strong><\/span><\/p>\n<p>[\/vc_column_text][rev_slider_vc alias=&#8221;krunska&#8221;][vc_column_text]<\/p>\n<p style=\"text-align: justify;\"><span style=\"color: #000000;\"><span style=\"color: #2d3e52;\"><strong>Radno vreme:\u00a0<\/strong><\/span><span style=\"color: #cd2323;\">07-20h<\/span><\/span><\/p>\n<p style=\"text-align: justify;\"><span style=\"color: #000000;\"><span style=\"color: #2d3e52;\"><strong>\u0410dresa: <\/strong><\/span><span style=\"color: #cd2323;\">Krunska 57<\/span><\/span><\/p>\n<p style=\"text-align: justify;\"><span style=\"color: #000000;\"><strong><span style=\"color: #2d3e52;\">Tel: <\/span><\/strong><span style=\"color: #ff0000;\">(<\/span><span style=\"color: #cd2323;\">011) 244-23-89<\/span><\/span><\/p>\n<p>[\/vc_column_text][vc_gmaps link=&#8221;#E-8_JTNDaWZyYW1lJTIwc3JjJTNEJTIyaHR0cHMlM0ElMkYlMkZ3d3cuZ29vZ2xlLmNvbSUyRm1hcHMlMkZlbWJlZCUzRnBiJTNEJTIxMW0xOCUyMTFtMTIlMjExbTMlMjExZDI4MzAuODIzOTAwMTcxMTgwNCUyMTJkMjAuNDY5MDU1MjE1NTM1NDQlMjEzZDQ0LjgwNDc3NzM3OTA5ODU4JTIxMm0zJTIxMWYwJTIxMmYwJTIxM2YwJTIxM20yJTIxMWkxMDI0JTIxMmk3NjglMjE0ZjEzLjElMjEzbTMlMjExbTIlMjExczB4NDc1YTdhYTBmYzc5YWZjNSUyNTNBMHg0Mjg1MmZmN2IxMTA0YzNlJTIxMnowS0hSZ3RHRDBMVFF0ZEM5MFlMUmdkQzYwTEFnMExfUXZ0QzcwTGpRdXRDNzBMalF2ZEM0MExyUXNBJTIxNWUwJTIxM20yJTIxMXNzciUyMTJzcnMlMjE0djE0NTg4MTc5NzkwNzglMjIlMjB3aWR0aCUzRCUyMjQwMCUyMiUyMGhlaWdodCUzRCUyMjMwMCUyMiUyMGZyYW1lYm9yZGVyJTNEJTIyMCUyMiUyMHN0eWxlJTNEJTIyYm9yZGVyJTNBMCUyMiUyMGFsbG93ZnVsbHNjcmVlbiUzRSUzQyUyRmlmcmFtZSUzRQ==&#8221;][vc_separator color=&#8221;white&#8221;][\/vc_column][vc_column width=&#8221;1\/4&#8243;][vc_separator color=&#8221;juicy_pink&#8221;][vc_column_text]<\/p>\n<p style=\"text-align: center;\"><span style=\"color: #2d3e52;\"><strong>STACIONAR<\/strong><\/span><\/p>\n<p>[\/vc_column_text][rev_slider_vc alias=&#8221;stac&#8221;][vc_column_text]<\/p>\n<p style=\"text-align: justify;\"><span style=\"color: #000000;\"><span style=\"color: #2d3e52;\"><strong>Radno vreme:\u00a0<\/strong><\/span><span style=\"color: #cd2323;\">00-24h<\/span><\/span><\/p>\n<p style=\"text-align: justify;\"><span style=\"color: #000000;\"><span style=\"color: #2d3e52;\"><strong>Adresa: <\/strong><\/span><span style=\"color: #cd2323;\">Prote Mateje 29<\/span><\/span><\/p>\n<p style=\"text-align: justify;\"><span style=\"color: #000000;\"><strong><span style=\"color: #2d3e52;\">Tel: <\/span><\/strong><span style=\"color: #ff0000;\">(<\/span><span style=\"color: #cd2323;\">011) <\/span><span style=\"color: #cd2323;\">308-55-91<\/span><\/span><\/p>\n<p>[\/vc_column_text][vc_gmaps link=&#8221;#E-8_JTNDaWZyYW1lJTIwc3JjJTNEJTIyaHR0cHMlM0ElMkYlMkZ3d3cuZ29vZ2xlLmNvbSUyRm1hcHMlMkZlbWJlZCUzRnBiJTNEJTIxMW0xOCUyMTFtMTIlMjExbTMlMjExZDI4MzAuODQ4ODIzMjQ5NjQ2NiUyMTJkMjAuNDY2ODc2MjE0OTE2Mzc1JTIxM2Q0NC44MDQyNjk0ODUyNTU0NzUlMjEybTMlMjExZjAlMjEyZjAlMjEzZjAlMjEzbTIlMjExaTEwMjQlMjEyaTc2OCUyMTRmMTMuMSUyMTNtMyUyMTFtMiUyMTFzMHg0NzVhN2FhMGI4ODIyOGQ5JTI1M0EweGYzZGE5ZjNiMTcwZGNiZmQlMjEyc1Byb3RlJTJCTWF0ZWplJTJCMjklMjUyQyUyQkJlb2dyYWQlMkIxMTAwMCUyNTJDJTJCU2VyYmlhJTIxNWUwJTIxM20yJTIxMXNlbiUyMTJzdXMlMjE0djE0NTg4MTk5OTUwMTQlMjIlMjB3aWR0aCUzRCUyMjQwMCUyMiUyMGhlaWdodCUzRCUyMjMwMCUyMiUyMGZyYW1lYm9yZGVyJTNEJTIyMCUyMiUyMHN0eWxlJTNEJTIyYm9yZGVyJTNBMCUyMiUyMGFsbG93ZnVsbHNjcmVlbiUzRSUzQyUyRmlmcmFtZSUzRQ==&#8221;][vc_separator color=&#8221;white&#8221;][\/vc_column][vc_column width=&#8221;1\/4&#8243;][vc_separator color=&#8221;juicy_pink&#8221;][vc_column_text]<\/p>\n<p style=\"text-align: center;\"><span style=\"color: #2d3e52;\"><strong>NOVI BEOGRAD<\/strong><\/span><\/p>\n<p>[\/vc_column_text][rev_slider_vc alias=&#8221;studenjak&#8221;][vc_column_text]<\/p>\n<p style=\"text-align: justify;\"><span style=\"color: #000000;\"><span style=\"color: #2d3e52;\"><strong>Radno vreme:\u00a0<\/strong><\/span><span style=\"color: #cd2323;\">07-20h<\/span><\/span><\/p>\n<p style=\"text-align: justify;\"><span style=\"color: #000000;\"><span style=\"color: #2d3e52;\"><strong>Adresa: <\/strong><\/span><span style=\"color: #cd2323;\">Studentski grad, I blok, F krilo (To\u0161in bunar 147)<\/span><\/span><\/p>\n<p style=\"text-align: justify;\"><span style=\"color: #000000;\"><strong><span style=\"color: #2d3e52;\">Tel:<\/span>\u00a0<\/strong><span style=\"color: #ff0000;\">(<\/span><span style=\"color: #cd2323;\">011) 260-14-37<\/span><\/span><\/p>\n<p>[\/vc_column_text][vc_gmaps link=&#8221;#E-8_JTNDaWZyYW1lJTIwc3JjJTNEJTIyaHR0cHMlM0ElMkYlMkZ3d3cuZ29vZ2xlLmNvbSUyRm1hcHMlMkZlbWJlZCUzRnBiJTNEJTIxMW0yNyUyMTFtMTIlMjExbTMlMjExZDcwNy40NDg2MjUwMjczNTYyJTIxMmQyMC4zOTg2NzAwNDc4Mjc3NDYlMjEzZDQ0LjgyNTc1MTAwNDE2ODYxJTIxMm0zJTIxMWYwJTIxMmYwJTIxM2YwJTIxM20yJTIxMWkxMDI0JTIxMmk3NjglMjE0ZjEzLjElMjE0bTEyJTIxM2U2JTIxNG00JTIxMXMweDQ3NWE2NTliNTU0NjFmZGIlMjUzQTB4MmM1NmQyYTYyOWFmODFiJTIxM20yJTIxMWQ0NC44MjU3Mjk5JTIxMmQyMC4zOTg5OTYyJTIxNG01JTIxMXMweDQ3NWE2NTliNTU0NjFmZGIlMjUzQTB4MmM1NmQyYTYyOWFmODFiJTIxMnpTU0JpYkc5ckxDRFFrZEdEMEx2UXRkQ3kwTERSZ0NEUWw5Qy0wWURRc05DOTBMQWcwSUxRdU5DOTBaTFF1TkdiMExBc0lFSmxiMmR5WVdRJTIxM20yJTIxMWQ0NC44MjU3Mjk5JTIxMmQyMC4zOTg5OTYyJTIxNWUwJTIxM20yJTIxMXNlbiUyMTJzcnMlMjE0djE0NzEzNDEzNTA2NjIlMjIlMjB3aWR0aCUzRCUyMjQwMCUyMiUyMGhlaWdodCUzRCUyMjMwMCUyMiUyMGZyYW1lYm9yZGVyJTNEJTIyMCUyMiUyMHN0eWxlJTNEJTIyYm9yZGVyJTNBMCUyMiUyMGFsbG93ZnVsbHNjcmVlbiUzRSUzQyUyRmlmcmFtZSUzRQ==&#8221;][vc_separator color=&#8221;white&#8221;][\/vc_column][vc_column width=&#8221;1\/4&#8243;][vc_separator color=&#8221;juicy_pink&#8221;][vc_column_text]<\/p>\n<p style=\"text-align: center;\"><span style=\"color: #2d3e52;\"><strong>KARABURMA<\/strong><\/span><\/p>\n<p>[\/vc_column_text][rev_slider_vc alias=&#8221;karaburma&#8221;][vc_column_text]<\/p>\n<p style=\"text-align: justify;\"><span style=\"color: #000000;\"><span style=\"color: #2d3e52;\"><strong>Radno vreme: <\/strong><\/span><span style=\"color: #cd2323;\">08-15:30h<\/span><\/span><\/p>\n<p style=\"text-align: justify;\"><span style=\"color: #000000;\"><span style=\"color: #2d3e52;\"><strong>Adresa: <\/strong><\/span><span style=\"color: #cd2323;\">Mije Kova\u010devi\u0107a 7B<\/span><\/span><\/p>\n<p style=\"text-align: justify;\"><span style=\"color: #000000;\"><strong><span style=\"color: #2d3e52;\">Tel:<\/span>\u00a0<\/strong><span style=\"color: #ff0000;\">(<\/span><span style=\"color: #cd2323;\">011) 275-26-82<\/span><\/span><\/p>\n<p>[\/vc_column_text][vc_gmaps link=&#8221;#E-8_JTNDaWZyYW1lJTIwc3JjJTNEJTIyaHR0cHMlM0ElMkYlMkZ3d3cuZ29vZ2xlLmNvbSUyRm1hcHMlMkZlbWJlZCUzRnBiJTNEJTIxMW0xOCUyMTFtMTIlMjExbTMlMjExZDI4MzAuMzY3NTMwNjA4MzAxNCUyMTJkMjAuNDg2MjUwNDE0OTE2NzQ2JTIxM2Q0NC44MTQwNzY2ODQ2MDgzMSUyMTJtMyUyMTFmMCUyMTJmMCUyMTNmMCUyMTNtMiUyMTFpMTAyNCUyMTJpNzY4JTIxNGYxMy4xJTIxM20zJTIxMW0yJTIxMXMweDQ3NWE3YTk0MWQxODAzNjclMjUzQTB4OTYwM2FiMDg5YjkwYWZmZSUyMTJ6MEp6UXVHclF0U0RRbXRDLTBMTFFzTkdIMExYUXN0QzQwWnZRc0NBM1lpd2cwSkhRdGRDLTBMUFJnTkN3MExRJTIxNWUwJTIxM20yJTIxMXNzciUyMTJzcnMlMjE0djE0NTg4MTgxODY3NTIlMjIlMjB3aWR0aCUzRCUyMjQwMCUyMiUyMGhlaWdodCUzRCUyMjMwMCUyMiUyMGZyYW1lYm9yZGVyJTNEJTIyMCUyMiUyMHN0eWxlJTNEJTIyYm9yZGVyJTNBMCUyMiUyMGFsbG93ZnVsbHNjcmVlbiUzRSUzQyUyRmlmcmFtZSUzRQ==&#8221;][vc_separator color=&#8221;white&#8221;][\/vc_column][vc_column][vc_separator color=&#8221;juicy_pink&#8221;][\/vc_column][vc_row full_width=&#8221;stretch_row&#8221;][vc_column width=&#8221;3\/4&#8243;][\/vc_column][\/vc_row]<\/p>","protected":false},"excerpt":{"rendered":"<p>[vc_row][vc_column][vc_column_text][\/vc_column_text][\/vc_column][\/vc_row][vc_row][vc_column width=&#8221;1\/4&#8243;][vc_widget_sidebar sidebar_id=&#8221;mainbody&#8221;][\/vc_column][vc_column width=&#8221;3\/4&#8243;][\/vc_column][\/vc_row][vc_row full_width=&#8221;stretch_row_content_no_spaces&#8221;][vc_column width=&#8221;1\/2&#8243;][vc_column_text] DOBRODO\u0160LI NA SAJT ZAVODA! Dragi studenti, Zadovol\u0458stvo nam je da vam predstavimo internet prezentaciju Zavoda za zdravstvenu za\u0161titu studenata, Beograd. Zavod je ustanova tradicionalno posve\u0107ena zdravl\u0458u studenata i predstavl\u0458a <p><a class=\"dp-readon\" href=\"https:\/\/zzzzsbg.rs\/rs\/\"><span>Detaljnije...<\/span><\/a><\/p><\/p>\n","protected":false},"author":1,"featured_media":1919,"parent":0,"menu_order":0,"comment_status":"closed","ping_status":"closed","template":"template.fullwidth.php","meta":{"footnotes":""},"class_list":["post-8","page","type-page","status-publish","has-post-thumbnail","hentry"],"_links":{"self":[{"href":"https:\/\/zzzzsbg.rs\/rs\/wp-json\/wp\/v2\/pages\/8","targetHints":{"allow":["GET"]}}],"collection":[{"href":"https:\/\/zzzzsbg.rs\/rs\/wp-json\/wp\/v2\/pages"}],"about":[{"href":"https:\/\/zzzzsbg.rs\/rs\/wp-json\/wp\/v2\/types\/page"}],"author":[{"embeddable":true,"href":"https:\/\/zzzzsbg.rs\/rs\/wp-json\/wp\/v2\/users\/1"}],"replies":[{"embeddable":true,"href":"https:\/\/zzzzsbg.rs\/rs\/wp-json\/wp\/v2\/comments?post=8"}],"version-history":[{"count":10,"href":"https:\/\/zzzzsbg.rs\/rs\/wp-json\/wp\/v2\/pages\/8\/revisions"}],"predecessor-version":[{"id":20710,"href":"https:\/\/zzzzsbg.rs\/rs\/wp-json\/wp\/v2\/pages\/8\/revisions\/20710"}],"wp:featuredmedia":[{"embeddable":true,"href":"https:\/\/zzzzsbg.rs\/rs\/wp-json\/wp\/v2\/media\/1919"}],"wp:attachment":[{"href":"https:\/\/zzzzsbg.rs\/rs\/wp-json\/wp\/v2\/media?parent=8"}],"curies":[{"name":"wp","href":"https:\/\/api.w.org\/{rel}","templated":true}]}}