    

{"id":616,"date":"2016-03-23T11:00:42","date_gmt":"2016-03-23T11:00:42","guid":{"rendered":"http:\/\/zzzzsbg.rs\/?page_id=616"},"modified":"2016-06-09T13:02:36","modified_gmt":"2016-06-09T13:02:36","slug":"za-osobe-sa-invaliditetom","status":"publish","type":"page","link":"https:\/\/zzzzsbg.rs\/rs\/za-osobe-sa-invaliditetom\/","title":{"rendered":"Za osobe sa invaliditetom"},"content":{"rendered":"<p>[vc_row][vc_column][vc_column_text]<\/p>\n\n\t\t<style type=\"text\/css\">\n\t\t\t#gallery-1 {\n\t\t\t\tmargin: auto;\n\t\t\t}\n\t\t\t#gallery-1 .gallery-item {\n\t\t\t\tfloat: left;\n\t\t\t\tmargin-top: 10px;\n\t\t\t\ttext-align: center;\n\t\t\t\twidth: 25%;\n\t\t\t}\n\t\t\t#gallery-1 img {\n\t\t\t\tborder: 2px solid #cfcfcf;\n\t\t\t}\n\t\t\t#gallery-1 .gallery-caption {\n\t\t\t\tmargin-left: 0;\n\t\t\t}\n\t\t\t\/* see gallery_shortcode() in wp-includes\/media.php *\/\n\t\t<\/style>\n\t\t<div id='gallery-1' class='gallery galleryid-616 gallery-columns-4 gallery-size-medium'><dl class='gallery-item'>\n\t\t\t<dt class='gallery-icon landscape'>\n\t\t\t\t<a href='https:\/\/zzzzsbg.rs\/rs\/za-osobe-sa-invaliditetom\/ulaz-iz-ulice-brace-nedic\/'><img loading=\"lazy\" decoding=\"async\" width=\"300\" height=\"169\" src=\"https:\/\/zzzzsbg.rs\/wp-content\/uploads\/2016\/03\/05-Paint-manja-slika-300x169.jpg\" class=\"attachment-medium size-medium\" alt=\"\" aria-describedby=\"gallery-1-655\" srcset=\"https:\/\/zzzzsbg.rs\/wp-content\/uploads\/2016\/03\/05-Paint-manja-slika-300x169.jpg 300w, https:\/\/zzzzsbg.rs\/wp-content\/uploads\/2016\/03\/05-Paint-manja-slika.jpg 656w\" sizes=\"auto, (max-width: 300px) 100vw, 300px\" \/><\/a>\n\t\t\t<\/dt>\n\t\t\t\t<dd class='wp-caption-text gallery-caption' id='gallery-1-655'>\n\t\t\t\tUlaz iz ulice Bra\u0107e Nedi\u0107\n\t\t\t\t<\/dd><\/dl><dl class='gallery-item'>\n\t\t\t<dt class='gallery-icon landscape'>\n\t\t\t\t<a href='https:\/\/zzzzsbg.rs\/rs\/platforma\/'><img loading=\"lazy\" decoding=\"async\" width=\"300\" height=\"169\" src=\"https:\/\/zzzzsbg.rs\/wp-content\/uploads\/2016\/03\/Platforma-300x169.jpg\" class=\"attachment-medium size-medium\" alt=\"\" aria-describedby=\"gallery-1-695\" srcset=\"https:\/\/zzzzsbg.rs\/wp-content\/uploads\/2016\/03\/Platforma-300x169.jpg 300w, https:\/\/zzzzsbg.rs\/wp-content\/uploads\/2016\/03\/Platforma-768x432.jpg 768w, https:\/\/zzzzsbg.rs\/wp-content\/uploads\/2016\/03\/Platforma.jpg 832w\" sizes=\"auto, (max-width: 300px) 100vw, 300px\" \/><\/a>\n\t\t\t<\/dt>\n\t\t\t\t<dd class='wp-caption-text gallery-caption' id='gallery-1-695'>\n\t\t\t\tPlatforma\n\t\t\t\t<\/dd><\/dl><dl class='gallery-item'>\n\t\t\t<dt class='gallery-icon landscape'>\n\t\t\t\t<a href='https:\/\/zzzzsbg.rs\/rs\/lift-za-osobe-sa-invaliditetom\/'><img loading=\"lazy\" decoding=\"async\" width=\"300\" height=\"169\" src=\"https:\/\/zzzzsbg.rs\/wp-content\/uploads\/2016\/03\/Lift-za-osobe-sa-invaliditetom-300x169.jpg\" class=\"attachment-medium size-medium\" alt=\"\" aria-describedby=\"gallery-1-697\" srcset=\"https:\/\/zzzzsbg.rs\/wp-content\/uploads\/2016\/03\/Lift-za-osobe-sa-invaliditetom-300x169.jpg 300w, https:\/\/zzzzsbg.rs\/wp-content\/uploads\/2016\/03\/Lift-za-osobe-sa-invaliditetom-768x432.jpg 768w, https:\/\/zzzzsbg.rs\/wp-content\/uploads\/2016\/03\/Lift-za-osobe-sa-invaliditetom-1024x576.jpg 1024w, https:\/\/zzzzsbg.rs\/wp-content\/uploads\/2016\/03\/Lift-za-osobe-sa-invaliditetom.jpg 2048w\" sizes=\"auto, (max-width: 300px) 100vw, 300px\" \/><\/a>\n\t\t\t<\/dt>\n\t\t\t\t<dd class='wp-caption-text gallery-caption' id='gallery-1-697'>\n\t\t\t\tLift za osobe sa invaliditetom\n\t\t\t\t<\/dd><\/dl><dl class='gallery-item'>\n\t\t\t<dt class='gallery-icon landscape'>\n\t\t\t\t<a href='https:\/\/zzzzsbg.rs\/rs\/toalet-za-osobe-sa-invaliditetom\/'><img loading=\"lazy\" decoding=\"async\" width=\"300\" height=\"169\" src=\"https:\/\/zzzzsbg.rs\/wp-content\/uploads\/2016\/03\/Toalet-za-osobe-sa-invaliditetom-300x169.jpg\" class=\"attachment-medium size-medium\" alt=\"\" aria-describedby=\"gallery-1-696\" srcset=\"https:\/\/zzzzsbg.rs\/wp-content\/uploads\/2016\/03\/Toalet-za-osobe-sa-invaliditetom-300x169.jpg 300w, https:\/\/zzzzsbg.rs\/wp-content\/uploads\/2016\/03\/Toalet-za-osobe-sa-invaliditetom.jpg 732w\" sizes=\"auto, (max-width: 300px) 100vw, 300px\" \/><\/a>\n\t\t\t<\/dt>\n\t\t\t\t<dd class='wp-caption-text gallery-caption' id='gallery-1-696'>\n\t\t\t\tToalet za osobe sa invaliditetom\n\t\t\t\t<\/dd><\/dl><br style=\"clear: both\" \/>\n\t\t<\/div>\n\n<p style=\"text-align: justify;\"><span style=\"color: #000000;\">Na glavnom ulazu zgrade Zavoda, u Krunskoj 57, stoji vidno obele\u017een putokaz i smer kretanja za osobe u invalidskim kolicima.<\/span><\/p>\n<p style=\"text-align: justify;\"><span style=\"color: #000000;\">Ulaz u zgradu je olak\u0161an postavl\u0458anjem platforme za invalide, na pomo\u0107nom ulazu, sa zadnje strane, iz ulice Bra\u0107e Nedi\u0107.<\/span><\/p>\n<p style=\"text-align: justify;\"><span style=\"color: #000000;\">Na platformi postoji obave\u0161tenje o kori\u0161\u0107enju, odnosno informacija da se kl\u0458u\u010d nalazi na Odel\u0458enju fizikalne medicine, koja\u00a0\u00a0je lokacijski najbli\u017ea liftu, kao i uputstvo za kori\u0161\u0107enje u neposrednoj blizini. Platformom se sti\u017ee do lifta za invalide i postupa po uputstvu.<\/span><\/p>\n<p style=\"text-align: justify;\"><span style=\"color: #000000;\">Liftom ne rukuju pacijenti, ve\u0107 samo ovla\u0161\u0107ena lica, obu\u010dena za bezbedno rukovanje.<\/span><\/p>\n<p style=\"text-align: justify;\"><span style=\"color: #000000;\">Kada pacijent do\u0111e do visokog prizeml\u0458a, predvi\u0111eno je da nadal\u0458e koristi putni\u010dki lift kao i ostali.<\/span><\/p>\n<p style=\"text-align: justify;\"><span style=\"color: #000000;\">U prizeml\u0458u se nalazi adaptiran toalet, prilago\u0111en potrebama osoba sa invaliditetom.<\/span><\/p>\n<p>[\/vc_column_text][\/vc_column][\/vc_row]<\/p>","protected":false},"excerpt":{"rendered":"<p>[vc_row][vc_column][vc_column_text] Na glavnom ulazu zgrade Zavoda, u Krunskoj 57, stoji vidno obele\u017een putokaz i smer kretanja za osobe u invalidskim kolicima. Ulaz u zgradu je olak\u0161an postavl\u0458anjem platforme za invalide, na pomo\u0107nom ulazu, sa zadnje <p><a class=\"dp-readon\" href=\"https:\/\/zzzzsbg.rs\/rs\/za-osobe-sa-invaliditetom\/\"><span>Detaljnije...<\/span><\/a><\/p><\/p>\n","protected":false},"author":1,"featured_media":0,"parent":0,"menu_order":0,"comment_status":"closed","ping_status":"closed","template":"","meta":{"footnotes":""},"class_list":["post-616","page","type-page","status-publish","hentry"],"_links":{"self":[{"href":"https:\/\/zzzzsbg.rs\/rs\/wp-json\/wp\/v2\/pages\/616","targetHints":{"allow":["GET"]}}],"collection":[{"href":"https:\/\/zzzzsbg.rs\/rs\/wp-json\/wp\/v2\/pages"}],"about":[{"href":"https:\/\/zzzzsbg.rs\/rs\/wp-json\/wp\/v2\/types\/page"}],"author":[{"embeddable":true,"href":"https:\/\/zzzzsbg.rs\/rs\/wp-json\/wp\/v2\/users\/1"}],"replies":[{"embeddable":true,"href":"https:\/\/zzzzsbg.rs\/rs\/wp-json\/wp\/v2\/comments?post=616"}],"version-history":[{"count":0,"href":"https:\/\/zzzzsbg.rs\/rs\/wp-json\/wp\/v2\/pages\/616\/revisions"}],"wp:attachment":[{"href":"https:\/\/zzzzsbg.rs\/rs\/wp-json\/wp\/v2\/media?parent=616"}],"curies":[{"name":"wp","href":"https:\/\/api.w.org\/{rel}","templated":true}]}}