    

{"id":52,"date":"2016-03-03T12:43:49","date_gmt":"2016-03-03T12:43:49","guid":{"rendered":"http:\/\/zzzzsbg.rs\/?page_id=52"},"modified":"2024-02-06T14:40:31","modified_gmt":"2024-02-06T13:40:31","slug":"kvalitet-zdravstvene-zastite","status":"publish","type":"page","link":"https:\/\/zzzzsbg.rs\/rs\/kvalitet-zdravstvene-zastite\/","title":{"rendered":"Kvalitet zdravstvene za\u0161tite"},"content":{"rendered":"<p><span style=\"color: #000000;\">Ministarstvo zdravl\u0458a Republike Srbije definisalo je kao jedan od cil\u0458eva zdravstvene politike, unapre\u0111enje kvaliteta zdravstvene za\u0161tite, \u0161to se na nacionalnom nivou\u00a0 prati od jula 2004. godine. Ove aktivnosti obuhvataju:<\/span><\/p>\n<ul>\n<li><span style=\"color: #000000;\">formiranje Komisije za unapre\u0111enje kvaliteta rada na nivou zdravstvene ustanove (u Zavodu je formirana maja 2004.)<\/span><\/li>\n<li><span style=\"color: #000000;\">pra\u0107enje pokazatel\u0458a kvaliteta rada u vidu godi\u0161njih izve\u0161taja (u Zavodu se pokazatel\u0458i prate od oktobra 2002.)<\/span><\/li>\n<li><span style=\"color: #000000;\">ispitivanje zadovol\u0458stva korisnika dobijenom zdravstvenom za\u0161titom (jednom godi\u0161nje od 2005.)<\/span><\/li>\n<li><span style=\"color: #000000;\">ispitivanje zadovol\u0458stva zaposlenih u Zavodu (jednom godi\u0161nje od 2007.)<\/span><\/li>\n<li><span style=\"color: #000000;\">sticanje i obnova znanja zaposlenih.<\/span><\/li>\n<\/ul>\n<p><span style=\"color: #000000;\">U decembru 2021. godine je donet nov \u00a0Pravilnik o pokazatel\u0458ima kvaliteta zdravstvene za\u0161tite\u00a0 i o proveri kvaliteta stru\u010dnog rada (\u201cSlu\u017ebeni glasnik RS\u201d br. 123\/21). <\/span><span style=\"color: #000000;\">Stru\u010dno-metodolo\u0161ko uputstvo za izve\u0161tavanje zdravstvenih ustanova o pokazatel\u0458ima kvaliteta zdravstvene za\u0161tite, izdato je od strane Institutta za javno zdravl\u0458e \u201eDr Milan Jovanovi\u0107 Batut\u201c 2011. godine<\/span><\/p>\n<p><span style=\"color: #000000;\">U februaru 2009. doneta je Strategija za stalno unapre\u0111enje kvaliteta zdravstvene za\u0161tite i bezbednosti pacijenata (\u201cSlu\u017ebeni glasnik RS\u201d br. 15\/09). Primena ove Strategije ima za cil\u0458 da smanji:<\/span><\/p>\n<ul>\n<li><span style=\"color: #000000;\">\u00a0neujedna\u010den kvalitet zdravstvenih usluga<\/span><\/li>\n<li><span style=\"color: #000000;\">\u00a0neprihvatl\u0458iv nivo variranja u ishodima po zdravl\u0458e le\u010denih pacijenata<\/span><\/li>\n<li><span style=\"color: #000000;\">\u00a0neefikasno kori\u0161\u0107enje zdravstvenih tehmologija<\/span><\/li>\n<li><span style=\"color: #000000;\">\u00a0vreme \u010dekanja na medicinske procedure i intervencije<\/span><\/li>\n<li><span style=\"color: #000000;\">\u00a0nezadovol\u0458stvo korisnika pru\u017eenim zdravstvenim uslugama<\/span><\/li>\n<li><span style=\"color: #000000;\">\u00a0nezadovol\u0458stvo zaposlenih u sistemu zdravstvene za\u0161tite<\/span><\/li>\n<li><span style=\"color: #000000;\">\u00a0tro\u0161kove koji nastaju zbog lo\u0161eg kvaliteta.<\/span><\/li>\n<\/ul>\n<p><span style=\"color: #000000;\">Stalno unapre\u0111enje kvaliteta i bezbednosti pacijenata je sastavni deo svakodnevnih aktivnosti zdravstvenih radnika, zdravstvenih saradnika i svih drugih zaposlenih u zdravstvenom sistemu.<\/span><\/p>\n<p><span style=\"color: #000000;\">Svake godine u novembru mesecu sprovodi se jednodnevna anketa o zadovol\u0458stvu pacijenata dobijenom zdravstvenom za\u0161titom, a u decembru jednodnevna anketa o zadovol\u0458stvu zaposlenih!<\/span><\/p>\n<p><span style=\"color: #000000;\">Pogledajte dosada\u0161nje rezultate na \u0107irili\u010dnoj verziji sajta.<br \/>\n<\/span><\/p>\n<p>&nbsp;<\/p>","protected":false},"excerpt":{"rendered":"<p>Ministarstvo zdravl\u0458a Republike Srbije definisalo je kao jedan od cil\u0458eva zdravstvene politike, unapre\u0111enje kvaliteta zdravstvene za\u0161tite, \u0161to se na nacionalnom nivou\u00a0 prati od jula 2004. godine. Ove aktivnosti obuhvataju: formiranje Komisije za unapre\u0111enje kvaliteta rada <p><a class=\"dp-readon\" href=\"https:\/\/zzzzsbg.rs\/rs\/kvalitet-zdravstvene-zastite\/\"><span>Detaljnije...<\/span><\/a><\/p><\/p>\n","protected":false},"author":1,"featured_media":0,"parent":0,"menu_order":0,"comment_status":"closed","ping_status":"closed","template":"","meta":{"footnotes":""},"class_list":["post-52","page","type-page","status-publish","hentry"],"_links":{"self":[{"href":"https:\/\/zzzzsbg.rs\/rs\/wp-json\/wp\/v2\/pages\/52","targetHints":{"allow":["GET"]}}],"collection":[{"href":"https:\/\/zzzzsbg.rs\/rs\/wp-json\/wp\/v2\/pages"}],"about":[{"href":"https:\/\/zzzzsbg.rs\/rs\/wp-json\/wp\/v2\/types\/page"}],"author":[{"embeddable":true,"href":"https:\/\/zzzzsbg.rs\/rs\/wp-json\/wp\/v2\/users\/1"}],"replies":[{"embeddable":true,"href":"https:\/\/zzzzsbg.rs\/rs\/wp-json\/wp\/v2\/comments?post=52"}],"version-history":[{"count":0,"href":"https:\/\/zzzzsbg.rs\/rs\/wp-json\/wp\/v2\/pages\/52\/revisions"}],"wp:attachment":[{"href":"https:\/\/zzzzsbg.rs\/rs\/wp-json\/wp\/v2\/media?parent=52"}],"curies":[{"name":"wp","href":"https:\/\/api.w.org\/{rel}","templated":true}]}}