    

{"id":4724,"date":"2019-03-06T07:15:00","date_gmt":"2019-03-06T07:15:00","guid":{"rendered":"http:\/\/zzzzsbg.rs\/?page_id=4724"},"modified":"2025-12-26T12:26:24","modified_gmt":"2025-12-26T11:26:24","slug":"%d1%83%d1%81%d0%bb%d1%83%d0%b3%d0%b5","status":"publish","type":"page","link":"https:\/\/zzzzsbg.rs\/rs\/%d1%83%d1%81%d0%bb%d1%83%d0%b3%d0%b5\/","title":{"rendered":"USLUGE"},"content":{"rendered":"<p><\/p>\n<h2><span style=\"color: #000000;\"><strong>USLUGE KOJE SE PRU\u017dAJU U ZAVODU NA TERET SREDSTAVA OBAVEZNOG ZDRAVSTVENOG OSIGURAN\u0458A<\/strong><\/span><\/h2>\n<p style=\"text-align: justify;\"><span style=\"color: #000000;\">U skladu sa \u010dl.81. Zakona o zdravstvenoj za\u0161titi (\u201eSl. glasnik RS\u201c br. 25\/19 i 92\/23-autenti\u010dno tuma\u010denje), \u010dl.51-65. Zakona o zdravstvenom osiguranju (\u201eSl. glasnik RS\u201c br. 25\/19 i 92\/23), podzakonskim aktima za sprovo\u0111enje tih zakona, kao i odredbama Statuta Zavoda zavoda za zdravstvenu za\u0161titu studenata (sa stacionarom), na teret sredstava obaveznog zdravstvenog osiguranja, u Zavodu se pacijentima obezbe\u0111uju slede\u0107e vrste zdravstvenih usluga:<\/span><\/p>\n<ul>\n<li><span style=\"color: #000000;\">Preventivne, dijagnosti\u010dke, terapeutske i rehabilitacione usluge u ambulantnim uslovima iz: op\u0161te medicine, dentalne medicine, ginekologije, epidemiologije, laboratorijske i radiolo\u0161ke dijagnostike.<\/span><\/li>\n<li><span style=\"color: #000000;\">Specijalisti\u010dke i specijalisti\u010dko-konsultativne usluge iz oblasti: interne medicine, psihijatrije (za\u0161tite mentalnog zdravl\u0458a), oftalmologije, otorinolaringologije, hirurgije, dermatovenerologije, fizikalne medicine i rehabilitacije, epidemiologije i socijalne medicine sa informatikom.<\/span><\/li>\n<li><span style=\"color: #000000;\">Stacionarne zdravstvene usluge u oblasti interne medicine i jednodnevne, odnosno minimalne invazivne hirurgije.<\/span><\/li>\n<\/ul>\n<p><span style=\"color: #000000;\"><span style=\"color: #ff0000;\">Spisak<\/span> zdravstvenih usluga koje zavod pru\u017ea pacijentima, prema nomenklaturi zdravstvenih usluga na primarnom, sekundarnom i tercijalnom nivou zdravstvene za\u0161tite <span style=\"color: #ff0000;\">mo\u017eete pogledati ovde:<\/span><\/span><span style=\"color: #000000;\"><span style=\"color: #ff0000;\">\u00a0<a href=\"http:\/\/zzzzsbg.rs\/wp-content\/uploads\/2019\/03\/Nomenklatura-usluga-Latinica-za-sajt-20.02.2019.pdf\" target=\"_blank\" rel=\"noopener\"><img loading=\"lazy\" decoding=\"async\" class=\"size-full wp-image-572 alignnone\" src=\"http:\/\/zzzzsbg.rs\/wp-content\/uploads\/2016\/03\/PDF-ICONICA-ZVANI\u010cNA.png\" alt=\"\" width=\"25\" height=\"25\" \/><\/a><\/span><\/span><\/p>\n<p><span style=\"color: #000000;\"><strong>\u00a0<\/strong><\/span><\/p>\n<h2><span style=\"color: #000000;\"><strong>USLUGE KOJE SE PRU\u017dAJU U ZAVODU UZ NAPLATU<\/strong><\/span><\/h2>\n<p style=\"text-align: justify;\">Prema \u010dl. 136. Zakona o zdravstvenom osiguranju, zabranjeno je da Zavod, odnosno bilo koje lice koje je zaposleno u Zavodu, odnosno drugo lice koje obavl\u0458a odre\u0111ene poslove u Zavodu, naplati uslugu na koju pacijent ima pravo u okviru obaveznog zdravstvenog osiguranja, odnosno da tra\u017ei ili primi ili na bilo koji drugi na\u010din navede pacijenta ili \u010dlanove njegove porodice na pla\u0107anje, odnosno davanje bilo kakve materijalne ili nematerijalne koristi za pru\u017eanje takvih usluga pacijentu, osim ako ovim zakonom nije druga\u010dije odre\u0111eno.<\/p>\n<p style=\"text-align: justify;\">Pacijentima se mogu napla\u0107ivati samo one zdravstvene usluge koje nisu obuhva\u0107ene obaveznim zdravstvenim osiguranjem, kao i iznos participacije koji je utvr\u0111en u skladu sa Zakonom o zdravstvenom osiguranju i propisima donetim za sprovo\u0111enje tog zakona.<\/p>\n<p style=\"text-align: justify;\">Shodno odredbi \u010dlana 110. Zakona o zdravstvenom osiguranju (\u201eSl. glasnik RS\u201c br. 25\/19 i 92\/23), <u>pacijentima Zavoda se na teret sradstava obaveznog zdravstvenog osiguranja (na ispravu o zdravstvenom osiguranju) <strong>ne mogu pru\u017eiti zdravstvene usluge<\/strong>:<\/u><\/p>\n<ul>\n<li>medicinska ispitivanja radi utvr\u0111ivanja zdravstvenog stanja, telesnog o\u0161te\u0107enja i invalidnosti u postupcima kod nadle\u017enog organa, odnosno radi ostvarivanja odre\u0111enih prava kod drugih organa i organizacija (kod osiguravaju\u0107ih dru\u0161tava, sudova, u krivi\u010dnom i predistra\u017enom postupku, kod izdavanja potvrda za voza\u010de motornih vozila, utvr\u0111ivanja zdravstvene sposobnosti po predlogu poslodavca, mera u vezi sa bezbedno\u0161\u0107u i zdravl\u0458em na radu itd.);<\/li>\n<li>dobijanje uverenja o zdravstvenoj sposobnosti za zasnivanje radnog odnosa, odnosno dobijanje drugih dozvola za rad;<\/li>\n<li>pregledi za upis u visoko\u0161kolske ustanove;<\/li>\n<li>pregledi za usel\u0458enje u ustanove za kolektivni sme\u0161taj;<\/li>\n<li>pregledi za odlazak u inostranstvo (osim kada izabrani lekar daje nalaz i mi\u0161l\u0458enje na obrascu Republi\u010dkog fonda za zdravstveno osiguranje radi dobijanja potvrde za odlazak u inostranstvo od strane nadle\u017ene filijale);<\/li>\n<li>stomatolo\u0161ke usluge koje nisu utvr\u0111ene kao pravo iz obaveznog zdravstvenog osiguranja u skladu sa Zakonom o zdravstvenom osiguranju i propisima donetim za sprovo\u0111enje ovog zakona;<\/li>\n<li>usluge dijetetike, izuzev predlaganja dijetetske ishrane i medikamentozne terapije kod pacijenata sa BMI &gt; 35 kg\/m\u00b2, kod novootkrivenih pacijenata sa \u0161e\u0107ernom bole\u0161\u0107u i pacijenata sa terminalnom bubre\u017enom insuficijencijom;<\/li>\n<li>lekovi koji nisu na Listi lekova;<\/li>\n<li>drugi pregledi na li\u010dni zahtev pacijenta, koji nisu obuhva\u0107eni obaveznim zdravstvenim osiguranjem;<\/li>\n<li>kori\u0161\u0107enje zdravstvene za\u0161tite u suprotnosti sa na\u010dinom i postupkom ostvarivanja zdravstvene za\u0161tite koji je propisan Zakonom o zdravstvenom osiguranju i propisima donetim za sprovo\u0111enje ovog zakona (kori\u0161\u0107enje zdravstvene za\u0161tite bez overene kartice zdravstvenog osiguranja ili druge propisane isprave o zdravstvenom osiguranju, zdravstvena za\u0161tita van obima predvi\u0111enog me\u0111unarodnim konvencijama i dr.);<\/li>\n<li>zdravstvena za\u0161tita koja je povezana sa le\u010denjem akutnog pijanstva;<\/li>\n<li>druge vrste zdravstvenih usluga koje nisu utvr\u0111ene kao pravo iz obaveznog zdravstvenog osiguranja, u skladu sa op\u0161tim aktom Republi\u010dkog fonda za zdravstveno osiguranje.<\/li>\n<\/ul>\n<p><span style=\"color: #000000;\"><span style=\"color: #ff0000;\">Spisak<\/span> zdravstvenih usluga koje zavod pru\u017ea uz naplatu <span style=\"color: #ff0000;\">mo\u017eete pogledati ovde:\u00a0<\/span><\/span><\/p>\n<ol>\n<li><span style=\"color: #000000;\"><span style=\"color: #ff0000;\"><a href=\"https:\/\/zzzzsbg.rs\/wp-content\/uploads\/2025\/12\/\u0426\u0415\u041d\u041e\u0412\u041d\u0418\u041a-\u041a\u041e\u041c\u0415\u0420\u0426\u0418\u0408\u0410\u041b\u041d\u0418\u0425-\u0417\u0414\u0420\u0410\u0412\u0421\u0422\u0412\u0415\u041d\u0418\u0425-\u0423\u0421\u041b\u0423\u0413\u0410.pdf\" target=\"_blank\" rel=\"noopener\">Cenovnik komercijalnih zdravstvenih usluga koje se pru\u017eaju u Zavodu\u00a0 <img loading=\"lazy\" decoding=\"async\" class=\"size-full wp-image-572 alignnone\" src=\"http:\/\/zzzzsbg.rs\/wp-content\/uploads\/2016\/03\/PDF-ICONICA-ZVANI\u010cNA.png\" alt=\"\" width=\"25\" height=\"25\" \/><\/a><\/span><\/span><\/li>\n<li><span style=\"color: #000000;\"><span style=\"color: #ff0000;\"><a href=\"https:\/\/zzzzsbg.rs\/wp-content\/uploads\/2025\/12\/\u0426\u0415\u041d\u041e\u0412\u041d\u0418\u041a-\u0417\u0414\u0420\u0410\u0412\u0421\u0422\u0412\u0415\u041d\u0418\u0425-\u0423\u0421\u041b\u0423\u0413\u0410-\u0417\u0410-\u041d\u0415\u041e\u0421\u0418\u0413\u0423\u0420\u0410\u041d\u0410-\u041b\u0418\u0426\u0410-\u0421\u0422\u0423\u0414\u0415\u041d\u0422\u0415-\u0421\u0422\u0420\u0410\u041d\u0415-\u0414\u0420\u0416\u0410\u0412\u0409\u0410\u041d\u0415.pdf\" target=\"_blank\" rel=\"noopener\">Cenovnik zravstvenih usluga za neosigurana lica &#8211; studente strane dr\u017eavl\u0458ane\u00a0 <img loading=\"lazy\" decoding=\"async\" class=\"size-full wp-image-572 alignnone\" src=\"http:\/\/zzzzsbg.rs\/wp-content\/uploads\/2016\/03\/PDF-ICONICA-ZVANI\u010cNA.png\" alt=\"\" width=\"25\" height=\"25\" \/><\/a><\/span><\/span><\/li>\n<li><span style=\"color: #000000;\"><span style=\"color: #ff0000;\"><a href=\"https:\/\/zzzzsbg.rs\/wp-content\/uploads\/2025\/12\/Cenovnik-zdravstveni-usluga-neosiguranim-licima-studentima-do-.pdf\" target=\"_blank\" rel=\"noopener\">Cenovnik zdravstvenih usluga neosiguranim licima, studentima do 26.godina\u00a0 <img loading=\"lazy\" decoding=\"async\" class=\"size-full wp-image-572 alignnone\" src=\"http:\/\/zzzzsbg.rs\/wp-content\/uploads\/2016\/03\/PDF-ICONICA-ZVANI\u010cNA.png\" alt=\"\" width=\"25\" height=\"25\" \/><\/a><\/span><\/span><\/li>\n<\/ol>\n<p><\/p>","protected":false},"excerpt":{"rendered":"<p>USLUGE KOJE SE PRU\u017dAJU U ZAVODU NA TERET SREDSTAVA OBAVEZNOG ZDRAVSTVENOG OSIGURAN\u0458A U skladu sa \u010dl.81. Zakona o zdravstvenoj za\u0161titi (\u201eSl. glasnik RS\u201c br. 25\/19 i 92\/23-autenti\u010dno tuma\u010denje), \u010dl.51-65. Zakona o zdravstvenom osiguranju (\u201eSl. glasnik <p><a class=\"dp-readon\" href=\"https:\/\/zzzzsbg.rs\/rs\/%d1%83%d1%81%d0%bb%d1%83%d0%b3%d0%b5\/\"><span>Detaljnije...<\/span><\/a><\/p><\/p>\n","protected":false},"author":1,"featured_media":0,"parent":0,"menu_order":0,"comment_status":"closed","ping_status":"closed","template":"","meta":{"footnotes":""},"class_list":["post-4724","page","type-page","status-publish","hentry"],"_links":{"self":[{"href":"https:\/\/zzzzsbg.rs\/rs\/wp-json\/wp\/v2\/pages\/4724","targetHints":{"allow":["GET"]}}],"collection":[{"href":"https:\/\/zzzzsbg.rs\/rs\/wp-json\/wp\/v2\/pages"}],"about":[{"href":"https:\/\/zzzzsbg.rs\/rs\/wp-json\/wp\/v2\/types\/page"}],"author":[{"embeddable":true,"href":"https:\/\/zzzzsbg.rs\/rs\/wp-json\/wp\/v2\/users\/1"}],"replies":[{"embeddable":true,"href":"https:\/\/zzzzsbg.rs\/rs\/wp-json\/wp\/v2\/comments?post=4724"}],"version-history":[{"count":10,"href":"https:\/\/zzzzsbg.rs\/rs\/wp-json\/wp\/v2\/pages\/4724\/revisions"}],"predecessor-version":[{"id":20446,"href":"https:\/\/zzzzsbg.rs\/rs\/wp-json\/wp\/v2\/pages\/4724\/revisions\/20446"}],"wp:attachment":[{"href":"https:\/\/zzzzsbg.rs\/rs\/wp-json\/wp\/v2\/media?parent=4724"}],"curies":[{"name":"wp","href":"https:\/\/api.w.org\/{rel}","templated":true}]}}