    

{"id":386,"date":"2016-03-17T10:46:24","date_gmt":"2016-03-17T10:46:24","guid":{"rendered":"http:\/\/zzzzsbg.rs\/?page_id=386"},"modified":"2024-10-10T13:44:29","modified_gmt":"2024-10-10T12:44:29","slug":"informator-2","status":"publish","type":"page","link":"https:\/\/zzzzsbg.rs\/rs\/informator-2\/","title":{"rendered":"Informator"},"content":{"rendered":"<p><span style=\"color: #000000;\">Po\u0161tovani, Informator o radu je dostupan u <a href=\"http:\/\/zzzzsbg.rs\/informator-2\/\" target=\"_blank\" rel=\"noopener\"><span style=\"color: #ff0000;\">\u0107irili\u010dnoj verziji sajta<\/span><\/a>. <\/span><\/p>\n<p><span style=\"color: #000000;\">\u00a0<\/span><\/p>\n<p>&nbsp;<\/p>\n<p>&nbsp;<\/p>\n<p>&nbsp;<\/p>","protected":false},"excerpt":{"rendered":"<p>Po\u0161tovani, Informator o radu je dostupan u \u0107irili\u010dnoj verziji sajta. \u00a0 &nbsp; &nbsp; &nbsp;<\/p>\n","protected":false},"author":1,"featured_media":0,"parent":0,"menu_order":0,"comment_status":"closed","ping_status":"closed","template":"","meta":{"footnotes":""},"class_list":["post-386","page","type-page","status-publish","hentry"],"_links":{"self":[{"href":"https:\/\/zzzzsbg.rs\/rs\/wp-json\/wp\/v2\/pages\/386","targetHints":{"allow":["GET"]}}],"collection":[{"href":"https:\/\/zzzzsbg.rs\/rs\/wp-json\/wp\/v2\/pages"}],"about":[{"href":"https:\/\/zzzzsbg.rs\/rs\/wp-json\/wp\/v2\/types\/page"}],"author":[{"embeddable":true,"href":"https:\/\/zzzzsbg.rs\/rs\/wp-json\/wp\/v2\/users\/1"}],"replies":[{"embeddable":true,"href":"https:\/\/zzzzsbg.rs\/rs\/wp-json\/wp\/v2\/comments?post=386"}],"version-history":[{"count":0,"href":"https:\/\/zzzzsbg.rs\/rs\/wp-json\/wp\/v2\/pages\/386\/revisions"}],"wp:attachment":[{"href":"https:\/\/zzzzsbg.rs\/rs\/wp-json\/wp\/v2\/media?parent=386"}],"curies":[{"name":"wp","href":"https:\/\/api.w.org\/{rel}","templated":true}]}}