    

{"id":349,"date":"2016-03-16T13:48:08","date_gmt":"2016-03-16T13:48:08","guid":{"rendered":"http:\/\/zzzzsbg.rs\/?page_id=349"},"modified":"2025-09-30T10:08:55","modified_gmt":"2025-09-30T09:08:55","slug":"pregledi-za-dom","status":"publish","type":"page","link":"https:\/\/zzzzsbg.rs\/rs\/pregledi-za-dom\/","title":{"rendered":"Pregledi za dom"},"content":{"rendered":"<p><span style=\"color: #000000;\"><strong><img loading=\"lazy\" decoding=\"async\" class=\"size-medium wp-image-840 alignleft\" src=\"http:\/\/zzzzsbg.rs\/wp-content\/uploads\/2016\/04\/Op\u0161ta-1-300x157.jpg\" alt=\"Op\u0161ta 1\" width=\"300\" height=\"157\" srcset=\"https:\/\/zzzzsbg.rs\/wp-content\/uploads\/2016\/04\/Op\u0161ta-1-300x157.jpg 300w, https:\/\/zzzzsbg.rs\/wp-content\/uploads\/2016\/04\/Op\u0161ta-1-768x402.jpg 768w, https:\/\/zzzzsbg.rs\/wp-content\/uploads\/2016\/04\/Op\u0161ta-1-1024x536.jpg 1024w, https:\/\/zzzzsbg.rs\/wp-content\/uploads\/2016\/04\/Op\u0161ta-1.jpg 1296w\" sizes=\"auto, (max-width: 300px) 100vw, 300px\" \/><\/strong><\/span><\/p>\n<p><span style=\"color: #000000;\"><em><strong>OBAVE\u0160TAVAMO VAS DA <\/strong><\/em><em><strong>STUDENTI KOJI SMATRAJU DA \u0106E BITI VISOKO POZICIONIRANI NA RANG LISTI I DA \u0106E DOBITI DOM, MOGU OBAVITI LEKARSKI PREGLED I PRE OBJAVLjIVAN\u0458A RANG LISTE, RADI IZBEGAVAN\u0458A GU\u017dVI U ZDRAVSTVENIM\u00a0 AMBULANTAMA. <\/strong><\/em><\/span><\/p>\n<p><span style=\"color: #000000;\">Lekarski pregledi studenata za usel\u0458enje u studentski dom obavl\u0458aju se svakog radnog dana na slede\u0107im punktovima:<\/span><\/p>\n<p><span style=\"color: #000000;\">\u2013 <strong>Ambulanta u Studentskoj poliklinici<\/strong>, ulica Krunska 57 (prvi sprat, soba 1.10) od 7:00 do 19:00 \u010dasova<br \/>\n\u2013 Zdravstvena ambulanta <strong>u studentskom domu \u201eKaraburma\u201d<\/strong>, ulica Mije Kova\u010devi\u0107a 7b od 8:00 do 14:00 \u010dasova<br \/>\n\u2013 Zravstvena ambulanta <strong>u studentskom domu \u201cStudentski grad\u201d<\/strong>, To\u0161in bunar 143 (Prvi blok, F krilo) od 8:00 do 14:00 \u010dasova<\/span><\/p>\n<p><span style=\"color: #000000;\">Za pregled je potrebno:<\/span><br \/>\n<span style=\"color: #000000;\">&#8211;<\/span><strong><span style=\"color: #000000;\"> Studentska elektronska kartica<\/span><\/strong><br \/>\n<span style=\"color: #000000;\">&#8211; <\/span><strong><span style=\"color: #000000;\">1.000 dinara<\/span><\/strong><\/p>\n<p><span style=\"color: #000000;\">Studenti su u mogu\u0107nosti da odaberu izabranog lekara Slu\u017ebe op\u0161te medicine i otvore zdravstveni karton.<\/span><br \/>\n<span style=\"color: #000000;\"> Potrebno je da donesu\u00a0<strong>zdravstvenu knji\u017eicu.<\/strong><\/span><\/p>\n<p><strong><span style=\"color: #000000;\"><em>Molimo studente koji dolaze na pregled da se pridr\u017eavaju\u00a0<\/em><em>preventivnih mera za\u0161tite u toku epidemije\u00a0<\/em><em>koje podrazumevaju no\u0161enje za\u0161titne maske i fizi\u010dku distancu.<\/em><\/span><\/strong><\/p>","protected":false},"excerpt":{"rendered":"<p>OBAVE\u0160TAVAMO VAS DA STUDENTI KOJI SMATRAJU DA \u0106E BITI VISOKO POZICIONIRANI NA RANG LISTI I DA \u0106E DOBITI DOM, MOGU OBAVITI LEKARSKI PREGLED I PRE OBJAVLjIVAN\u0458A RANG LISTE, RADI IZBEGAVAN\u0458A GU\u017dVI U ZDRAVSTVENIM\u00a0 AMBULANTAMA. Lekarski <p><a class=\"dp-readon\" href=\"https:\/\/zzzzsbg.rs\/rs\/pregledi-za-dom\/\"><span>Detaljnije...<\/span><\/a><\/p><\/p>\n","protected":false},"author":1,"featured_media":0,"parent":0,"menu_order":0,"comment_status":"closed","ping_status":"closed","template":"","meta":{"footnotes":""},"class_list":["post-349","page","type-page","status-publish","hentry"],"_links":{"self":[{"href":"https:\/\/zzzzsbg.rs\/rs\/wp-json\/wp\/v2\/pages\/349","targetHints":{"allow":["GET"]}}],"collection":[{"href":"https:\/\/zzzzsbg.rs\/rs\/wp-json\/wp\/v2\/pages"}],"about":[{"href":"https:\/\/zzzzsbg.rs\/rs\/wp-json\/wp\/v2\/types\/page"}],"author":[{"embeddable":true,"href":"https:\/\/zzzzsbg.rs\/rs\/wp-json\/wp\/v2\/users\/1"}],"replies":[{"embeddable":true,"href":"https:\/\/zzzzsbg.rs\/rs\/wp-json\/wp\/v2\/comments?post=349"}],"version-history":[{"count":2,"href":"https:\/\/zzzzsbg.rs\/rs\/wp-json\/wp\/v2\/pages\/349\/revisions"}],"predecessor-version":[{"id":19345,"href":"https:\/\/zzzzsbg.rs\/rs\/wp-json\/wp\/v2\/pages\/349\/revisions\/19345"}],"wp:attachment":[{"href":"https:\/\/zzzzsbg.rs\/rs\/wp-json\/wp\/v2\/media?parent=349"}],"curies":[{"name":"wp","href":"https:\/\/api.w.org\/{rel}","templated":true}]}}