    

{"id":346,"date":"2016-03-16T13:46:15","date_gmt":"2016-03-16T13:46:15","guid":{"rendered":"http:\/\/zzzzsbg.rs\/?page_id=346"},"modified":"2025-11-12T10:51:15","modified_gmt":"2025-11-12T09:51:15","slug":"sistematski-pregledi","status":"publish","type":"page","link":"https:\/\/zzzzsbg.rs\/rs\/sistematski-pregledi\/","title":{"rendered":"Sistematski pregledi"},"content":{"rendered":"<p><\/p>\n<p style=\"text-align: justify;\"><span style=\"color: #000000;\"><img loading=\"lazy\" decoding=\"async\" class=\"wp-image-895 size-medium alignleft\" src=\"http:\/\/zzzzsbg.rs\/wp-content\/uploads\/2016\/05\/Op\u0161ta-2-1024x577-300x169.jpg\" alt=\"Op\u0161ta-2-1024x577\" width=\"300\" height=\"169\" srcset=\"https:\/\/zzzzsbg.rs\/wp-content\/uploads\/2016\/05\/Op\u0161ta-2-1024x577-300x169.jpg 300w, https:\/\/zzzzsbg.rs\/wp-content\/uploads\/2016\/05\/Op\u0161ta-2-1024x577-398x225.jpg 398w, https:\/\/zzzzsbg.rs\/wp-content\/uploads\/2016\/05\/Op\u0161ta-2-1024x577.jpg 400w\" sizes=\"auto, (max-width: 300px) 100vw, 300px\" \/><\/span><\/p>\n<p style=\"text-align: justify;\"><span style=\"color: #000000;\">Sistematski &#8211; preventivni pregledi su pregledi koji se rade kod osiguranih lica radi o\u010duvanja i unapre\u0111enja zdravl\u0458a, spre\u010davanja, suzbijanja i ranog spre\u010davanja bolesti i drugih poreme\u0107aja zdravl\u0458a.\u00a0Sistematski pregledi studenata obavljaju se svakog radnog dana prema zakazanom rasporedu.<\/span><\/p>\n<p style=\"text-align: justify;\"><span style=\"color: #000000;\"> Za sistematski\u00a0pregled potrebno je sa sobom poneti:<\/span><br \/>\n<span style=\"color: #000000;\"> &#8211;<strong> indeks<\/strong><\/span><br \/>\n<span style=\"color: #000000;\"> &#8211;\u00a0<strong>overenu zdravstvenu knji\u017eicu ili konvenciju 111B<\/strong><\/span><br \/>\n<span style=\"color: #000000;\"> (ukoliko nemate overenu zdravstvenu knji\u017eicu mo\u017eete da platite pregled prema va\u017ee\u0107em cenovniku)<\/span><\/p>\n<p>Sistematski\u00a0pregled obuhvata:<br \/>\n<span style=\"color: #000000;\">&#8211; Pregled<strong> lekara op\u0161te medicine<\/strong> (lekar op\u0161te medicine prema indikacijama mo\u017ee da uputi i na dodatna medicinska ispitivanja u zavisnosti od na\u0111enog stanja i faktora rizika)<\/span><br \/>\n<span style=\"color: #000000;\">&#8211;<strong> Stomatolo\u0161ki<\/strong> pregled<\/span><br \/>\n<span style=\"color: #000000;\">&#8211;<strong> Ginekolo\u0161ki<\/strong> pregled<\/span><\/p>\n<p style=\"text-align: justify;\"><span style=\"color: #000000;\">Preventivni pregledi se zakazuju. Ukoliko ste propustili zakazani termin, mo\u017eete da zaka\u017eete pregled telefonom, mejlom ili li\u010dno. Raspored sistematskih pregleda je objavljen na oglasnim tablama fakulteta i visokih \u0161kola strukovnih studija, odnosno u tabeli ispod.\u00a0<\/span><\/p>\n<p><strong><span style=\"color: #ff0000;\">\u00a0<\/span><\/strong><\/p>","protected":false},"excerpt":{"rendered":"<p>Sistematski &#8211; preventivni pregledi su pregledi koji se rade kod osiguranih lica radi o\u010duvanja i unapre\u0111enja zdravl\u0458a, spre\u010davanja, suzbijanja i ranog spre\u010davanja bolesti i drugih poreme\u0107aja zdravl\u0458a.\u00a0Sistematski pregledi studenata obavljaju se svakog radnog dana prema <p><a class=\"dp-readon\" href=\"https:\/\/zzzzsbg.rs\/rs\/sistematski-pregledi\/\"><span>Detaljnije...<\/span><\/a><\/p><\/p>\n","protected":false},"author":1,"featured_media":0,"parent":0,"menu_order":0,"comment_status":"closed","ping_status":"closed","template":"","meta":{"footnotes":""},"class_list":["post-346","page","type-page","status-publish","hentry"],"_links":{"self":[{"href":"https:\/\/zzzzsbg.rs\/rs\/wp-json\/wp\/v2\/pages\/346","targetHints":{"allow":["GET"]}}],"collection":[{"href":"https:\/\/zzzzsbg.rs\/rs\/wp-json\/wp\/v2\/pages"}],"about":[{"href":"https:\/\/zzzzsbg.rs\/rs\/wp-json\/wp\/v2\/types\/page"}],"author":[{"embeddable":true,"href":"https:\/\/zzzzsbg.rs\/rs\/wp-json\/wp\/v2\/users\/1"}],"replies":[{"embeddable":true,"href":"https:\/\/zzzzsbg.rs\/rs\/wp-json\/wp\/v2\/comments?post=346"}],"version-history":[{"count":3,"href":"https:\/\/zzzzsbg.rs\/rs\/wp-json\/wp\/v2\/pages\/346\/revisions"}],"predecessor-version":[{"id":19724,"href":"https:\/\/zzzzsbg.rs\/rs\/wp-json\/wp\/v2\/pages\/346\/revisions\/19724"}],"wp:attachment":[{"href":"https:\/\/zzzzsbg.rs\/rs\/wp-json\/wp\/v2\/media?parent=346"}],"curies":[{"name":"wp","href":"https:\/\/api.w.org\/{rel}","templated":true}]}}