    

{"id":302,"date":"2016-03-16T08:16:17","date_gmt":"2016-03-16T08:16:17","guid":{"rendered":"http:\/\/zzzzsbg.rs\/?page_id=302"},"modified":"2026-04-15T10:17:47","modified_gmt":"2026-04-15T09:17:47","slug":"raspored-rada-lekara","status":"publish","type":"page","link":"https:\/\/zzzzsbg.rs\/rs\/raspored-rada-lekara\/","title":{"rendered":"RASPORED RADA LEKARA"},"content":{"rendered":"<p><\/p>\n<table border=\"2\" width=\"100%\">\n<tbody>\n<tr bgcolor=\"#2d3e52\">\n<td style=\"text-align: left;\" width=\"27\"><strong><span style=\"color: #ffffff;\"> RB<\/span><\/strong><\/td>\n<td style=\"text-align: left;\" width=\"360\"><span style=\"color: #ffffff;\"><b> SLU\u017dBA<\/b><\/span><\/td>\n<td style=\"text-align: center;\" width=\"210\"><strong><span style=\"color: #ffffff;\">PERIOD<\/span><\/strong><\/td>\n<td style=\"text-align: center;\" width=\"31\"><strong><span style=\"color: #ffffff;\">PREUZMI<\/span><\/strong><\/td>\n<\/tr>\n<tr>\n<td style=\"text-align: center;\" width=\"27\"><span style=\"color: #2d3e52;\"><strong>1<\/strong><\/span><\/td>\n<td width=\"360\"><span style=\"color: #2d3e52;\"> <strong>SLU\u017dBA ZA ZDRAVSTVENU ZA\u0160TITU \u017dENA<\/strong><\/span><\/td>\n<td style=\"text-align: center;\" width=\"210\"><span style=\"color: #2d3e52;\"><strong>OD 13.4.2026. DO 18.4.2026.<\/strong><\/span><\/td>\n<td style=\"text-align: center;\" width=\"31\"><a href=\"https:\/\/zzzzsbg.rs\/wp-content\/uploads\/2026\/04\/GIN-raspored-13.04.-17.04.AL-Latinica.pdf\" target=\"_blank\" rel=\"noopener\"><span style=\"color: #2d3e52;\"><img loading=\"lazy\" decoding=\"async\" class=\"aligncenter wp-image-572 size-full\" src=\"http:\/\/zzzzsbg.rs\/wp-content\/uploads\/2016\/03\/PDF-ICONICA-ZVANI\u010cNA.png\" alt=\"PDF ICONICA ZVANI\u010cNA\" width=\"25\" height=\"25\" \/><\/span><\/a><\/td>\n<\/tr>\n<tr>\n<td style=\"text-align: center;\" width=\"27\"><span style=\"color: #2d3e52;\"><strong>2<\/strong><\/span><\/td>\n<td width=\"346\"><span style=\"color: #2d3e52;\"> <strong>SLU\u017dBA OP\u0160TE MEDICINE<\/strong><\/span><\/td>\n<td style=\"text-align: center;\" width=\"210\"><strong>OD 13.4.2026. DO 18.4.2026.<\/strong><\/td>\n<td width=\"31\"><a href=\"https:\/\/zzzzsbg.rs\/wp-content\/uploads\/2026\/04\/OM-raspored-13.04.26-18.04.26.-Izmena-1-Latinica.pdf\" target=\"_blank\" rel=\"noopener\"><span style=\"color: #2d3e52;\"><img loading=\"lazy\" decoding=\"async\" class=\"aligncenter wp-image-572 size-full\" src=\"http:\/\/zzzzsbg.rs\/wp-content\/uploads\/2016\/03\/PDF-ICONICA-ZVANI\u010cNA.png\" alt=\"PDF ICONICA ZVANI\u010cNA\" width=\"25\" height=\"25\" \/><\/span><\/a><\/td>\n<\/tr>\n<tr>\n<td style=\"text-align: center;\" width=\"27\"><span style=\"color: #2d3e52;\"><strong>3<\/strong><\/span><\/td>\n<td width=\"360\"><span style=\"color: #2d3e52;\"> <strong>SLU\u017dBA STOMATOLO\u0160KE ZDRAVSTVENE ZA\u0160TITE<\/strong><\/span><\/td>\n<td style=\"text-align: center;\" width=\"210\"><strong>OD 13.4.2026. DO 18.4.2026.<\/strong><\/td>\n<td width=\"31\"><a href=\"https:\/\/zzzzsbg.rs\/wp-content\/uploads\/2026\/04\/Stomatolgija-raspored-13.04.-18.04.-Latinica.pdf\" target=\"_blank\" rel=\"noopener\"><span style=\"color: #2d3e52;\"> <img loading=\"lazy\" decoding=\"async\" class=\"aligncenter wp-image-572 size-full\" src=\"http:\/\/zzzzsbg.rs\/wp-content\/uploads\/2016\/03\/PDF-ICONICA-ZVANI\u010cNA.png\" alt=\"PDF ICONICA ZVANI\u010cNA\" width=\"25\" height=\"25\" \/><\/span><\/a><\/td>\n<\/tr>\n<tr>\n<td style=\"text-align: center;\" width=\"27\"><span style=\"color: #2d3e52;\"><strong>4<\/strong><\/span><\/td>\n<td width=\"360\"><span style=\"color: #2d3e52;\"> <strong>SLU\u017dBA ZA SPECIJALISTI\u010cKO KONSULTATIVNU DELATNOST<\/strong><\/span><\/td>\n<td style=\"text-align: center;\" width=\"210\"><strong>OD 13.4.2026. DO 18.4.2026.<\/strong><\/td>\n<td width=\"31\"><a href=\"https:\/\/zzzzsbg.rs\/wp-content\/uploads\/2026\/04\/SKD-raspored-13.04.26-18.04.263-izmena-1-Latinica.pdf\" target=\"_blank\" rel=\"noopener\"><span style=\"color: #000000;\"> <img loading=\"lazy\" decoding=\"async\" class=\"aligncenter wp-image-572 size-full\" src=\"http:\/\/zzzzsbg.rs\/wp-content\/uploads\/2016\/03\/PDF-ICONICA-ZVANI\u010cNA.png\" alt=\"PDF ICONICA ZVANI\u010cNA\" width=\"25\" height=\"25\" \/><\/span><\/a><\/td>\n<\/tr>\n<\/tbody>\n<\/table>\n<p>&nbsp;<\/p>","protected":false},"excerpt":{"rendered":"<p>RB SLU\u017dBA PERIOD PREUZMI 1 SLU\u017dBA ZA ZDRAVSTVENU ZA\u0160TITU \u017dENA OD 13.4.2026. DO 18.4.2026. 2 SLU\u017dBA OP\u0160TE MEDICINE OD 13.4.2026. DO 18.4.2026. 3 SLU\u017dBA STOMATOLO\u0160KE ZDRAVSTVENE ZA\u0160TITE OD 13.4.2026. DO 18.4.2026. 4 SLU\u017dBA ZA SPECIJALISTI\u010cKO <p><a class=\"dp-readon\" href=\"https:\/\/zzzzsbg.rs\/rs\/raspored-rada-lekara\/\"><span>Detaljnije...<\/span><\/a><\/p><\/p>\n","protected":false},"author":1,"featured_media":0,"parent":0,"menu_order":0,"comment_status":"closed","ping_status":"closed","template":"","meta":{"footnotes":""},"class_list":["post-302","page","type-page","status-publish","hentry"],"_links":{"self":[{"href":"https:\/\/zzzzsbg.rs\/rs\/wp-json\/wp\/v2\/pages\/302","targetHints":{"allow":["GET"]}}],"collection":[{"href":"https:\/\/zzzzsbg.rs\/rs\/wp-json\/wp\/v2\/pages"}],"about":[{"href":"https:\/\/zzzzsbg.rs\/rs\/wp-json\/wp\/v2\/types\/page"}],"author":[{"embeddable":true,"href":"https:\/\/zzzzsbg.rs\/rs\/wp-json\/wp\/v2\/users\/1"}],"replies":[{"embeddable":true,"href":"https:\/\/zzzzsbg.rs\/rs\/wp-json\/wp\/v2\/comments?post=302"}],"version-history":[{"count":12,"href":"https:\/\/zzzzsbg.rs\/rs\/wp-json\/wp\/v2\/pages\/302\/revisions"}],"predecessor-version":[{"id":21106,"href":"https:\/\/zzzzsbg.rs\/rs\/wp-json\/wp\/v2\/pages\/302\/revisions\/21106"}],"wp:attachment":[{"href":"https:\/\/zzzzsbg.rs\/rs\/wp-json\/wp\/v2\/media?parent=302"}],"curies":[{"name":"wp","href":"https:\/\/api.w.org\/{rel}","templated":true}]}}