    

{"id":30,"date":"2016-03-03T11:46:59","date_gmt":"2016-03-03T11:46:59","guid":{"rendered":"http:\/\/zzzzsbg.rs\/?page_id=30"},"modified":"2016-06-10T09:20:11","modified_gmt":"2016-06-10T09:20:11","slug":"sluzba-opste-medicine","status":"publish","type":"page","link":"https:\/\/zzzzsbg.rs\/rs\/sluzba-opste-medicine\/","title":{"rendered":"Slu\u017eba op\u0161te medicine"},"content":{"rendered":"<p>[vc_row][vc_column][vc_column_text]<\/p>\n<p style=\"text-align: justify;\"><span style=\"color: #000000;\"><img loading=\"lazy\" decoding=\"async\" class=\"alignleft wp-image-1831 size-medium\" src=\"http:\/\/zzzzsbg.rs\/wp-content\/uploads\/2016\/06\/Op\u0161ta-4-300x168.jpg\" alt=\"Op\u0161ta 4\" width=\"300\" height=\"168\" srcset=\"https:\/\/zzzzsbg.rs\/wp-content\/uploads\/2016\/06\/Op\u0161ta-4-300x168.jpg 300w, https:\/\/zzzzsbg.rs\/wp-content\/uploads\/2016\/06\/Op\u0161ta-4.jpg 410w\" sizes=\"auto, (max-width: 300px) 100vw, 300px\" \/>Svoj prvi kontakt sa Zavodom ostvarujete u Slu\u017ebi op\u0161te medicine, gde prvo dolazite, tra\u017eite i dobijate medicinsku pomo\u0107, i uvek se vra\u0107ate u ovu Slu\u017ebu svom izabranom lekaru\/ki kada je potrebno da se prepi\u0161e lek, pomagalo&#8230; U Slu\u017ebi op\u0161te medicine Vi imate pravo i du\u017enost na slobodan izbor svog lekara\/ke. Tada Vam se otvara zdravstveni karton kod lekara\/ke koga ste izabrali i dal\u0458e sve svoje zdravstvene potrebe ostvarujete u saradnji sa svojim lekarom.<\/span><br \/>\n<span style=\"color: #000000;\">Saznajte vi\u0161e o<span style=\"color: #ff0000;\"><a style=\"color: #ff0000;\" href=\"http:\/\/zzzzsbg.rs\/izaberitelekara\/\" target=\"_blank\"> izabranom lekaru<\/a><\/span> i o <span style=\"color: #ff0000;\"><a style=\"color: #ff0000;\" href=\"http:\/\/zzzzsbg.rs\/prava-i-duznosti-pacijenata\/\" target=\"_blank\">du\u017enostima pacijenata<\/a><\/span>.<\/span><br \/>\n<span style=\"color: #000000;\">\u2022 Va\u0161 izabrani lekar je doktor medicine ili doktor specijalista op\u0161te medicine. Vi imate pravo na ostvarenje zdravstvene za\u0161tite u mestu studiranja. Kod nas u Zavodu, mo\u017eete dobiti kompletnu zdravstvenu za\u0161titu (vanbolni\u010dku i bolni\u010dku). Lekar koga ste izabrali, pru\u017ea Vam zdravstvenu za\u0161titu u periodu od najmanje jedne kalendarske godine, mada ga mo\u017eete promeniti i pre isteka perioda na koga ste ga izabrali. <\/span><br \/>\n<span style=\"color: #000000;\">\u2022 U toku studiranja, svog lekara mo\u017eete odabrati u glavnoj zgradi Zavoda za zdravstvenu za\u0161titu studenata i u ambulanti Zavoda koja je najbli\u017ea Va\u0161em mestu stanovanja ili najbli\u017ea Va\u0161em fakultetu \/\u0161koli.<\/span><br \/>\n<span style=\"color: #000000;\">\u2022 Tokom studija, mo\u017eete menjati izabranog lekara i pre isteka perioda na koji ste ga izabrali, u skladu sa va\u0161im potrebama, posebno, kada promenite studentski dom ili mesto stanovanja.<\/span><br \/>\n<span style=\"color: #000000;\">\u2022 Lekara birate tako \u0161to popunjavate i potpisujete obrazac izjave o izboru i\/ili promeni lekara, a jedan primerak izjave zadr\u017eavate za sebe. <\/span><br \/>\n<span style=\"color: #000000;\">\u2022 Jednom datoj izjavi o izboru lekara, produ\u017eava se va\u017enost automatski svake kalendarske godine, sve dok ne zatra\u017eite promenu izabranog lekara).<\/span><br \/>\n<span style=\"color: #000000;\">Zaposleni u ovoj Slu\u017ebi rade po smenama, na nedel\u0458u dana (07-20 \u010dasova). Slu\u017eba de\u017eura subotom (08-18 \u010dasova). Ambulante op\u0161te medicine nalazi se: u Krunskoj 57, u Studentskom gradu \u2013 Novi Beograd i u studentskom domu \u201cKaraburma\u201d.\u00a0<\/span><\/p>\n<p style=\"text-align: justify;\">[showbiz Opstamed]<\/p>\n<p>[\/vc_column_text][\/vc_column][\/vc_row]<\/p>","protected":false},"excerpt":{"rendered":"<p>[vc_row][vc_column][vc_column_text] Svoj prvi kontakt sa Zavodom ostvarujete u Slu\u017ebi op\u0161te medicine, gde prvo dolazite, tra\u017eite i dobijate medicinsku pomo\u0107, i uvek se vra\u0107ate u ovu Slu\u017ebu svom izabranom lekaru\/ki kada je potrebno da se prepi\u0161e <p><a class=\"dp-readon\" href=\"https:\/\/zzzzsbg.rs\/rs\/sluzba-opste-medicine\/\"><span>Detaljnije...<\/span><\/a><\/p><\/p>\n","protected":false},"author":1,"featured_media":0,"parent":0,"menu_order":0,"comment_status":"closed","ping_status":"closed","template":"","meta":{"footnotes":""},"class_list":["post-30","page","type-page","status-publish","hentry"],"_links":{"self":[{"href":"https:\/\/zzzzsbg.rs\/rs\/wp-json\/wp\/v2\/pages\/30","targetHints":{"allow":["GET"]}}],"collection":[{"href":"https:\/\/zzzzsbg.rs\/rs\/wp-json\/wp\/v2\/pages"}],"about":[{"href":"https:\/\/zzzzsbg.rs\/rs\/wp-json\/wp\/v2\/types\/page"}],"author":[{"embeddable":true,"href":"https:\/\/zzzzsbg.rs\/rs\/wp-json\/wp\/v2\/users\/1"}],"replies":[{"embeddable":true,"href":"https:\/\/zzzzsbg.rs\/rs\/wp-json\/wp\/v2\/comments?post=30"}],"version-history":[{"count":0,"href":"https:\/\/zzzzsbg.rs\/rs\/wp-json\/wp\/v2\/pages\/30\/revisions"}],"wp:attachment":[{"href":"https:\/\/zzzzsbg.rs\/rs\/wp-json\/wp\/v2\/media?parent=30"}],"curies":[{"name":"wp","href":"https:\/\/api.w.org\/{rel}","templated":true}]}}