    

{"id":2877,"date":"2017-05-19T11:23:17","date_gmt":"2017-05-19T11:23:17","guid":{"rendered":"http:\/\/zzzzsbg.rs\/?page_id=2877"},"modified":"2017-05-19T13:07:07","modified_gmt":"2017-05-19T13:07:07","slug":"95-godina-studentske-poliklinike","status":"publish","type":"page","link":"https:\/\/zzzzsbg.rs\/rs\/95-godina-studentske-poliklinike\/","title":{"rendered":"95 godina postojanja: istorijske \u010dinjenice, se\u0107anja i po\u0161tovanje"},"content":{"rendered":"<p><\/p>\n<p style=\"text-align: center;\"><span style=\"color: #000000;\"><strong>Zavod za zdravstvenu za\u0161titu studenata Beograd <\/strong><\/span><\/p>\n<p style=\"text-align: center;\"><span style=\"color: #000000;\"><strong>95 godina postojanja:<em> istorijske \u010dinjenice, se\u0107anja i po\u0161tovanje<\/em><\/strong><\/span><\/p>\n<p style=\"text-align: justify;\"><span style=\"color: #000000;\"><strong><em>\u00a0<\/em><\/strong><\/span><span style=\"color: #000000;\">O\u010duvanje i unapre\u0111enje zdravlja studentske populacije jedan je od prioriteta svake zemlje koja brine o svojoj budu\u0107nosti, te se <strong>u zdravstvenoj politici ve\u0107ine zemalja sveta, daje prioritet ovoj dobnoj\/populacionoj grupaciji.<\/strong><\/span><\/p>\n<p style=\"text-align: justify;\"><span style=\"color: #000000;\">U na\u0161oj zemlji studenti do navr\u0161ene 26-te godine \u017eivota nalaze se u kategoriji obaveznih vidova zdravstvenog osiguranja sa svim prinadle\u017enostima koje proisti\u010du iz toga. Imaju\u0107i u vidu ove specifi\u010dnosti studentske populacije, a u cilju \u0161to efikasnijeg o\u010duvanja i unapre\u0111enja njihovog zdravstvenog statusa, kao i sanacije i le\u010denja nastalih poreme\u0107aja zdravlja, formiran je <strong>Zavod za zdravstvenu za\u0161titu studenata, ustanova koja pod razli\u010ditim nazivima postoji jo\u0161 od 1922 godine.<\/strong><\/span><\/p>\n<p style=\"text-align: justify;\"><span style=\"color: #000000;\">Danas se Zavod za zdravstvenu za\u0161titu studenata u postoje\u0107oj mre\u017ei zdravstvenih ustanova, nalazi u kategoriji Zavoda sa stacionarom, kao op\u0161tom bolnicom. Primarna uloga ove ustanove je planiranje, organizovanje i realizacija preventivnih programa \u010diji su osnovni ciljevi o\u010duvanje i unapre\u0111enje zdravlja studentske populacije, a zatim rano otkrivanje i efikasno le\u010denje studenata, uklju\u010duju\u0107i i stacionarno le\u010denje. U tom smislu, Zavod ima dve celine: Polikliniku i Stacionar.<\/span><\/p>\n<p style=\"text-align: justify;\"><span style=\"color: #000000;\">Poliklinika je sme\u0161tena u elegantnoj zgradi na uglu ulica Krunske i Bra\u0107e Nedi\u0107 a sazidana je 1923\/24. godine sa namerom tada\u0161njih vlasnika da to bude najve\u0107i i najsavremeniji privatni institut za le\u010denje bolesnika na Balkanu. Od tog vremena pa do danas u njoj su neprekidno bile stacionirane\u00a0 razli\u010dite zdravstvene ustanove, a poslednjih \u0161ezdesetak godina Zavod za zdravstvenu za\u0161titu studenata Beograd.<\/span><\/p>\n<p style=\"text-align: justify;\"><span style=\"color: #000000;\">Ova prelepa zgrada do\u017eivela je sudbinu sli\u010dnu kao i mnogi objekti u Beogradu koji su tokom bombardovanja 1941. i 1944. godine bili potpuno ili delimi\u010dno uni\u0161teni.<\/span><\/p>\n<p style=\"text-align: justify;\"><span style=\"color: #000000;\">Zapisi iz tog vremena svedo\u010de o tragediji koja se dogodila 16. Aprila 1944. godine, kada se Beograd pripremao da obele\u017ei najve\u0107i hri\u0161\u0107anski praznik \u2013 Uskrs: \u201e<em>Ve\u0107ina stanovnika bila je tada u crkvama ili se spremala za sve\u010dani prazni\u010dni ru\u010dak. U 11,30h u polu\u010dasovnom bombardovanju eskadrile sa preko 600 velikih \u010detvoromotornih bombardera, Beograd je zasut \u201eki\u0161om tepih bombi\u201c (me\u0111usobno povezane bombe) koje su izazvale ogromna razaranja grada. Samo pola sata kasnije, u drugom talasu, sve se ponovilo.\u00a0 Zvani\u010dno je sao\u0161teno da su \u201esaveznici ga\u0111ali nema\u010dke vojne objekte\u201c ali<\/em> <em>tada\u0161nji zapisi i \u0161tampa preneli su da su \u201epog\u0111eni hramovi \u010dove\u010dnosti i milosr\u0111a\u201c porodili\u0161ta, de\u010dja skloni\u0161ta, bolnice, radni\u010dki stanovi, domovi sa porodicama okupljenim u sve\u010danom raspolo\u017eenju oko doma\u0107e trpeze, slave\u0107i Hristovo Vaskrsenje. Beograd bio je u ru\u0161evinama, a u zgradi\u00a0 <\/em><em>na uglu Krunske i Bra\u0107e Nedi\u0107, koja je tada bila veliko gradsko porodili\u0161te poginule su 22 mlade majke porodilje, 22 tek ro\u0111ene bebe, troje medicinskih radnika i desetine mladih o\u010deva i bliskih ro\u0111aka koji su trenutno bili u poseti\u201c.<\/em><\/span><\/p>\n<p style=\"text-align: justify;\"><span style=\"color: #000000;\">Par godina nakon bombardovanja zgrada je u ve\u0107oj meri obnovljena, ali je imala ravne ivice, bez terasa i ukrasa, bez kosog krova, mansarde i uzdignutig vidikovca na vrhu. Od prve rekonstrukcije 1946. godine pa naredne 3 decenije, u ovoj zgradi je bilo sme\u0161teno vi\u0161e razli\u010ditih zdravstvenih ustanova, a od slede\u0107e rekonstrukcije devedesetih godina pro\u0161log veka, kada je zgradi vra\u0107en spolja\u0161ni izgled kao u vreme kada je bila sazidana, u njoj se nalazi samo Zavod za zdravstvenu za\u0161titu studenata Beograd.<\/span><\/p>\n<p style=\"text-align: justify;\"><span style=\"color: #000000;\">Danas sa puno snage i truda, kao simbol napretka i prosperiteta, u ovoj zgradi radi blizu 180 medicinskih i drugih radnika Zavoda za zdravstvenu za\u0161titu studenata Beograd. Oni brinu o zdravlju 120.000 akademaca koji studiraju na beogradskim univerzitetima. Upravo zbog toga ova ustanova nosi posebnu odgovornost jer brine o zdravlju onih koji predstavljaju budu\u0107nost svake zemlje.<\/span><\/p>\n<p style=\"text-align: justify;\"><span style=\"color: #000000;\">U znak po\u0161tovanja i se\u0107anja na majke i bebe koje su poginule 16. aprila 1944.g. zaposleni Zavoda su \u017eeleli da postave spomen plo\u010du, isklesanu u belom kamenu, sa natpisom i ne\u017eno izvajanim prelomljenim i otkinutim pupoljkom bele ru\u017ee, koji na potresan na\u010din simbolizuje nasilno prekinute mlade \u017eivote.<\/span><\/p>\n<p style=\"text-align: justify;\"><span style=\"color: #000000;\">Maja 2017.godine,<\/span><\/p>\n<p style=\"text-align: justify;\"><span style=\"color: #000000;\">Kolektiv ZZZZ Studenata Beograd<\/span><\/p>\n<p><\/p>","protected":false},"excerpt":{"rendered":"<p>Zavod za zdravstvenu za\u0161titu studenata Beograd 95 godina postojanja: istorijske \u010dinjenice, se\u0107anja i po\u0161tovanje \u00a0O\u010duvanje i unapre\u0111enje zdravlja studentske populacije jedan je od prioriteta svake zemlje koja brine o svojoj budu\u0107nosti, te se u zdravstvenoj <p><a class=\"dp-readon\" href=\"https:\/\/zzzzsbg.rs\/rs\/95-godina-studentske-poliklinike\/\"><span>Detaljnije...<\/span><\/a><\/p><\/p>\n","protected":false},"author":1,"featured_media":0,"parent":0,"menu_order":0,"comment_status":"closed","ping_status":"closed","template":"","meta":{"footnotes":""},"class_list":["post-2877","page","type-page","status-publish","hentry"],"_links":{"self":[{"href":"https:\/\/zzzzsbg.rs\/rs\/wp-json\/wp\/v2\/pages\/2877","targetHints":{"allow":["GET"]}}],"collection":[{"href":"https:\/\/zzzzsbg.rs\/rs\/wp-json\/wp\/v2\/pages"}],"about":[{"href":"https:\/\/zzzzsbg.rs\/rs\/wp-json\/wp\/v2\/types\/page"}],"author":[{"embeddable":true,"href":"https:\/\/zzzzsbg.rs\/rs\/wp-json\/wp\/v2\/users\/1"}],"replies":[{"embeddable":true,"href":"https:\/\/zzzzsbg.rs\/rs\/wp-json\/wp\/v2\/comments?post=2877"}],"version-history":[{"count":0,"href":"https:\/\/zzzzsbg.rs\/rs\/wp-json\/wp\/v2\/pages\/2877\/revisions"}],"wp:attachment":[{"href":"https:\/\/zzzzsbg.rs\/rs\/wp-json\/wp\/v2\/media?parent=2877"}],"curies":[{"name":"wp","href":"https:\/\/api.w.org\/{rel}","templated":true}]}}