    

{"id":2875,"date":"2017-05-19T11:13:53","date_gmt":"2017-05-19T11:13:53","guid":{"rendered":"http:\/\/zzzzsbg.rs\/?page_id=2875"},"modified":"2017-05-19T11:25:32","modified_gmt":"2017-05-19T11:25:32","slug":"95-godina-organizovane-zdravstvene-zastite","status":"publish","type":"page","link":"https:\/\/zzzzsbg.rs\/rs\/95-godina-organizovane-zdravstvene-zastite\/","title":{"rendered":"95 godina od po\u010detka organizovane zdravstvene za\u0161tite studenata u Srbiji"},"content":{"rendered":"<p><\/p>\n<p style=\"text-align: center;\"><span style=\"color: #000000;\"><strong>Zavod za zdravstvenu za\u0161titu studenata Beograd (ZZZZ Studenata Beograd) <\/strong><\/span><\/p>\n<p style=\"text-align: center;\"><span style=\"color: #000000;\"><strong>nakon 95 godina od po\u010detka organizovane zdravstvene za\u0161tite studenata u Srbiji <\/strong><\/span><\/p>\n<p style=\"text-align: justify;\"><span style=\"color: #000000;\">ZZZZ Studenata Beograd predstavlja jednu od najstarijih zdravstvenih ustanova u Beogradu. Po\u010deci organizovane zdravstvene za\u0161tite studenata vezuju se za daleku \u0161kolsku 1922\/23. god. kada su anemije, tuberkuloza i malarija bile bolesti od kojih su, na osnovu pisanih dokumenta iz tog vremena, \u010desto bolovali tada\u0161nji studenti. O zdravlju 6000 studenata onda\u0161njeg Univerziteta u Beogradu brinula su 2 lekara.<\/span><\/p>\n<p style=\"text-align: justify;\"><span style=\"color: #000000;\">Danas o zdravlju 120 000 studenata Univerziteta u Beogradu brine preko 170 zaposlenih medicinskih i drugih radnika Zavoda za zdravstvenu za\u0161titu studenata Beograd.<\/span><\/p>\n<p style=\"text-align: justify;\"><span style=\"color: #000000;\">\u00a0Studenti u na\u0161em Zavodu dobijaju zdravstvenu za\u0161titu na primarnom i sekundarnom nivou, te se godi\u0161nje obavi oko 200 000 pregleda i pru\u017ei preko 600 000 preventivnih i dijagnosti\u010dkih usluga. Svake godine vi\u0161e od 20 000 studenata prve i tre\u0107e godine beogradskih univerziteta u ovoj ku\u0107i obavi sistematske preglede, a oko 12 000 studenata obavi sistematske preglede za useljenje u studentske domove.<\/span><\/p>\n<p style=\"text-align: justify;\"><span style=\"color: #000000;\">Usluge na primarnom nivou zdravstvene za\u0161tite pru\u017eaju se kroz rad slu\u017ebe op\u0161te medicine, ginekologije, stomataologije, slu\u017ebe za o\u010duvanje i unapre\u0111enje zdravlja sa Centrom za prevenciju side i PPI, savetovali\u0161tima za ishranu i odeljenjem za HE nadzor nad kvalitetom sme\u0161taja i ishrane u\u010denika i studenata u \u0111a\u010dkim i studentskim domovima u Srbiji.<\/span><\/p>\n<p style=\"text-align: justify;\"><span style=\"color: #000000;\">Specijalisti\u010dko konsultativna slu\u017eba sa odeljenjima za oftalmologiju, dermatovenerologiju, ORL, fizikalnu medicinu, internu medicinu i savetovali\u0161tem za mentalno zdravlje, predstavljaju primere stru\u010dnih i dobro organizovanih zdravstvenih slu\u017ebi za mlade.<\/span><\/p>\n<p style=\"text-align: justify;\"><span style=\"color: #000000;\">U celom Zavodu postoji besplatan internet, a u \u010dekaonicama su postavljeni panoi na kojima se prezentuje edukatavan, zdravstveno-vaspitni video materijal.<\/span><\/p>\n<p style=\"text-align: justify;\"><span style=\"color: #000000;\">Zajedni\u010dke slu\u017ebe kao i Slu\u017eba za informatiku pru\u017eaju podr\u0161ku svim slu\u017ebama u Zavodu, a internet stranica Zavoda uz face-book i twiter svakim danom su sa sve vi\u0161e sadr\u017eaja,\u00a0 jer prate savremenu komunikaciju sa mladim korisnicima.<\/span><\/p>\n<p style=\"text-align: justify;\"><span style=\"color: #000000;\">Stacionar Zavoda pru\u017ea studentima kvalitetne usluge sekundarne zdravstvene za\u0161tite i predstavlja modernu i komfornu bolnicu. U okviru Stacinara Zavoda postoji odljenje op\u0161te nege sa 22 bolni\u010dka kreveta, odeljenje hirurgije sa dve savremene operacione sale, internisti\u010dko odeljenje i dijagnosti\u010dka slu\u017eba sa laboratorijom i ultrazvu\u010dnim kabinetom.<\/span><\/p>\n<p style=\"text-align: justify;\"><span style=\"color: #000000;\">U okviru Zavoda postoji i moderno opremljena zdravstvena stanica u studentskom gradu kao i isturena ambulanta u studentskom domu Karaburma.<\/span><\/p>\n<p style=\"text-align: justify;\"><span style=\"color: #000000;\">U\u00a0 slu\u017ebama primarne zdravstvene za\u0161tite (op\u0161ta medicina i ginekologija) stvoreni su svi neophodni tehni\u010dki i organizacioni uslovi za timski rad lekar \u2013 sestra, ukinuti su \u0161alteri i omogu\u0107eno da korisnici usluga budu direktno i neposredno u komunikaciji sa svojim opredeljenim lekarom, \u0161to predstavlja osnov za rad slu\u017ebe koja je prijateljski naklonjena mladima (Youth friendly services).<\/span><\/p>\n<p style=\"text-align: justify;\"><span style=\"color: #000000;\">Velikim brojem dobro osmi\u0161ljenih programa prevencije, posebno u okviru Centra za prevenciju side i PPI\u00a0 koji predstavlja jednan od najve\u0107ih i najbolje oraganizovanih institucija koja se bavi dobrovoljnim, poverljivim savetovanjem i testiranjem na HIV infekcije, sa najve\u0107im brojem testiranja (DPSTa) u zemlji, \u00a0Zavod je postao primer najbolje prakse ne samo u Beogradu i Srbiji, ve\u0107 i u regionu i \u0161ire. To potvr\u0111uju i brojne publikacije koje su radile me\u0111unarodne organizacije (UNFPA, UNAIDS, UNICEF, WHO, IPPF, Global fond), u proteklih nekoliko godina:<\/span><\/p>\n<p style=\"text-align: justify;\"><span style=\"color: #ff0000;\"><a style=\"color: #ff0000;\" href=\"http:\/\/www.unfpa.org\/webdav\/site\/global\/shared\/documents\/publications\/2009\/serbia_gateways_integration.pdf\">http:\/\/www.unfpa.org\/webdav\/site\/global\/shared\/documents\/publications\/2009\/serbia_gateways_integration.pdf<\/a><\/span><\/p>\n<p style=\"text-align: justify;\"><span style=\"color: #000000;\">Kao rezultat toga su brojni projekti i programi koje je Zavod u proteklim godinama realizovao sa velikim brojem stranih partnera i doma\u0107im nevladinim organizacijama. Posebno se mogu ista\u0107i programi unapre\u0111enje zdravlja mladih koji su realizovani sa UNICEF-om i UNFPA-om, zatim programi prevencije HIV\/AIDS-a u okviru razvijanja centara za dobrovoljno, poverljivo savetovanje i testiranje na HIV ( DPST ) koje \u00a0se kao model\u00a0 razvio u celoj Srbiji, u regionu, kao i u drugim zemljama centralne i jugoisto\u010dne Evrope i Azije.<\/span><\/p>\n<p style=\"text-align: justify;\"><span style=\"color: #000000;\">Veliki ugled je na\u0161a ustanova postigla u okviru razvoja i afirmacije programa zdravstvenog vaspitanja u \u0161kolama u Srbiji.\u00a0 U\u010desnici smo i nosioci pilot programa uvo\u0111enja zdravstvenog vaspitanja u \u0161kole u Srbiji zajedno sa Ministarstvom prosvete, Ministarstvom zdravlja i UNICEFom.<\/span><\/p>\n<p style=\"text-align: justify;\"><span style=\"color: #000000;\">Zaposleni na\u0161e ustanove su bili inicijatori i nosioci aktivnosti u okviru rada Ekspertske grupe za razvoj i zdravlje mladih Ministarstva zdravlja Srbije, \u010dime su dali \u00a0neprocenjiv doprinos u dono\u0161enju Nacionalne strategije za razvoj i zdravlje mladih i njenoj neposrednoj implementaciji.<\/span><\/p>\n<p style=\"text-align: justify;\"><span style=\"color: #000000;\">Tokom proteklih godina ZZZZS je realizovao \u00a0istra\u017eivanja vezana za zdravstveno pona\u0161anje i rizike po zdravlje mladih u Srbiji, posebno studenata, kroz, do sada najve\u0107e ura\u0111eno i obavljeno istra\u017eivanje u Srbiji o zdravstvenom pona\u0161anju mladih.<\/span><\/p>\n<p style=\"text-align: justify;\"><span style=\"color: #000000;\">Na\u0161i lekaru u\u010destvuju u nastavi na Medicinskom fakultetu u Beogradu, kako za studente u okviru osnovnih studija, tako i za lekare na specijalizaciji ili na poslediplomskim studijama.<\/span><\/p>\n<p style=\"text-align: justify;\"><span style=\"color: #000000;\">Zavod je organizotor velikog broja stru\u010dnih skupova, a najzna\u010dajniji je bio pro\u0161logodi\u0161nji \u00a0Prvi regionalni Kongres o zdravlju mladih koji je okupio preko 250 lekara izlaga\u010da, na kome su doneti va\u017eni zaklju\u010dci koji \u0107e unaprediti zdravlje mladih.<\/span><\/p>\n<p style=\"text-align: justify;\"><span style=\"color: #000000;\">\u00a0\u00a0\u00a0\u00a0\u00a0\u00a0\u00a0\u00a0\u00a0\u00a0\u00a0 Studentska poliklinika posluje veoma uspe\u0161no i\u00a0 stabilno i predstavlja primer kako se \u00a0pored veoma limitiranih uslova u na\u010dinima finansiranja zdravstva,\u00a0 mo\u017ee uspe\u0161no finansijski poslovati uz dobar menad\u017ement.<\/span><\/p>\n<p style=\"text-align: justify;\"><span style=\"color: #000000;\">Ugled i po\u0161tovanje\u00a0 ustanove u zemlji i inostranstvu\u00a0 postignut je trudom i radom svih zaposlenih \u00a0Zavoda za zdravstvenu za\u0161titu studenata Beograd, u \u010dije \u00a0Vam se \u00a0ime najlep\u0161e zahvaljujem \u0161to ste svojim prisustvom uveli\u010dali na\u0161u Sve\u010danu Akademiju.<\/span><\/p>\n<p><span style=\"color: #000000;\">S po\u0161tovanjem,<\/span><\/p>\n<p><span style=\"color: #000000;\">U Beogradu \u00a0 \u00a0 \u00a0 \u00a0 \u00a0 \u00a0 \u00a0 \u00a0 \u00a0 \u00a0 \u00a0 \u00a0 \u00a0 \u00a0 \u00a0 \u00a0 \u00a0 \u00a0 \u00a0 \u00a0 \u00a0 \u00a0 \u00a0 \u00a0 \u00a0 \u00a0 \u00a0 \u00a0 \u00a0 \u00a0 \u00a0 \u00a0 \u00a0 \u00a0 \u00a0 \u00a0 \u00a0 \u00a0 \u00a0 \u00a0 \u00a0 \u00a0 \u00a0 \u00a0 \u00a0 \u00a0 \u00a0 \u00a0 \u00a0 \u00a0 \u00a0 \u00a0 \u00a0 \u00a0 \u00a0 \u00a0 \u00a0 \u00a0 \u00a0 \u00a0 \u00a0 \u00a0 \u00a0 \u00a0dr Marija Obradovi\u0107<\/span><\/p>\n<p><span style=\"color: #000000;\">16.05.2017.god. \u00a0 \u00a0 \u00a0 \u00a0 \u00a0 \u00a0 \u00a0 \u00a0 \u00a0 \u00a0 \u00a0 \u00a0 \u00a0 \u00a0 \u00a0 \u00a0 \u00a0 \u00a0 \u00a0 \u00a0 \u00a0 \u00a0 \u00a0 \u00a0 \u00a0 \u00a0 \u00a0 \u00a0 \u00a0 \u00a0 \u00a0 \u00a0 \u00a0 \u00a0 \u00a0 \u00a0 \u00a0 \u00a0 \u00a0 \u00a0 \u00a0 \u00a0 \u00a0 \u00a0 \u00a0 \u00a0 \u00a0 \u00a0 \u00a0 \u00a0 \u00a0 \u00a0 \u00a0 \u00a0 \u00a0 \u00a0 \u00a0 \u00a0 \u00a0 \u00a0 v.d. Direktora Zavoda<\/span><\/p>","protected":false},"excerpt":{"rendered":"<p>Zavod za zdravstvenu za\u0161titu studenata Beograd (ZZZZ Studenata Beograd) nakon 95 godina od po\u010detka organizovane zdravstvene za\u0161tite studenata u Srbiji ZZZZ Studenata Beograd predstavlja jednu od najstarijih zdravstvenih ustanova u Beogradu. Po\u010deci organizovane zdravstvene za\u0161tite <p><a class=\"dp-readon\" href=\"https:\/\/zzzzsbg.rs\/rs\/95-godina-organizovane-zdravstvene-zastite\/\"><span>Detaljnije...<\/span><\/a><\/p><\/p>\n","protected":false},"author":1,"featured_media":0,"parent":0,"menu_order":0,"comment_status":"closed","ping_status":"closed","template":"","meta":{"footnotes":""},"class_list":["post-2875","page","type-page","status-publish","hentry"],"_links":{"self":[{"href":"https:\/\/zzzzsbg.rs\/rs\/wp-json\/wp\/v2\/pages\/2875","targetHints":{"allow":["GET"]}}],"collection":[{"href":"https:\/\/zzzzsbg.rs\/rs\/wp-json\/wp\/v2\/pages"}],"about":[{"href":"https:\/\/zzzzsbg.rs\/rs\/wp-json\/wp\/v2\/types\/page"}],"author":[{"embeddable":true,"href":"https:\/\/zzzzsbg.rs\/rs\/wp-json\/wp\/v2\/users\/1"}],"replies":[{"embeddable":true,"href":"https:\/\/zzzzsbg.rs\/rs\/wp-json\/wp\/v2\/comments?post=2875"}],"version-history":[{"count":0,"href":"https:\/\/zzzzsbg.rs\/rs\/wp-json\/wp\/v2\/pages\/2875\/revisions"}],"wp:attachment":[{"href":"https:\/\/zzzzsbg.rs\/rs\/wp-json\/wp\/v2\/media?parent=2875"}],"curies":[{"name":"wp","href":"https:\/\/api.w.org\/{rel}","templated":true}]}}