    

{"id":1290,"date":"2016-05-20T10:41:56","date_gmt":"2016-05-20T10:41:56","guid":{"rendered":"http:\/\/zzzzsbg.rs\/?page_id=1290"},"modified":"2022-10-28T12:47:36","modified_gmt":"2022-10-28T11:47:36","slug":"zastita-prava-pacijenata","status":"publish","type":"page","link":"https:\/\/zzzzsbg.rs\/rs\/zastita-prava-pacijenata\/","title":{"rendered":"Za\u0161tita prava pacijenata"},"content":{"rendered":"<p><\/p>\n<p style=\"text-align: justify;\"><span style=\"color: #000000;\"><strong>Zakonom o pravima pacijenata (\u201eSl. glasnik RS&#8221; br. 45\/13 i 25\/19 &#8211; dr. zakon)<\/strong> ure\u0111ena su prava pacijenata prilikom kori\u0161\u0107enja zdravstvene za\u0161tite, na\u010din ostvarivanja i na\u010din za\u0161tite tih prava, kao i druga pitanja u vezi sa pravima i du\u017enostima pacijenata.<\/span><br style=\"font-style: inherit; font-weight: inherit;\" \/><span style=\"font-style: inherit; font-weight: inherit; color: #000000;\"> Jedno od Zakonom utvr\u0111enih prava pacijenata je i pravo na prigovor, ukoliko pacijent smatra da mu je uskra\u0107eno pravo na zdravstvenu za\u0161titu, ili da mu je postupkom zdravstvenog radnika, odnosno zdravstvenog saradnika, uskra\u0107eno neko pravo iz oblasti zdravstvene za\u0161tite.<\/span><br style=\"font-style: inherit; font-weight: inherit;\" \/><span style=\"font-style: inherit; font-weight: inherit; color: #000000;\"> Za\u0161titu prava pacijenata obezbe\u0111uje obezbe\u0111uje jedinica lokalne samouprave, odre\u0111ivanjem lica koje obavl\u0458a poslove savetnika za za\u0161titu prava pacijenata (savetnik pacijenata) i obrazovanjem Saveta za zdravl\u0458e.<\/span><br style=\"font-style: inherit; font-weight: inherit;\" \/><span style=\"font-style: inherit; font-weight: inherit; color: #000000;\"> Danom isteka roka utvr\u0111enog da jedinice lokalne samouprave organizuju rad i obezbede uslove i finansijska sredstva za rad savetnika pacijenata i Saveta za zdravl\u0458e, odnosno 30. novembra 2013. godine, prestale su da va\u017ee odredbe \u010dlana 39. Zakona o zdravstvenoj za\u0161titi prema kojima je po prigovorima pacijenata postupao za\u0161titnik pacijentovih prava u okviru zdravstvenih ustanova<\/span><br \/>\n<span style=\"font-style: inherit; font-weight: inherit; color: #000000;\"> Za\u0161titu prava osiguranih lica obezbe\u0111uje i organizacija zdravstvenog osiguranja kod koje je to lice zdravstveno osigurano.<\/span><\/p>\n<p style=\"text-align: justify;\"><span style=\"color: #000000;\"><strong style=\"font-style: inherit;\"><span style=\"font-style: inherit; font-weight: inherit;\">Za\u0161tita prava pacijenata<\/span><\/strong><\/span><\/p>\n<p style=\"text-align: justify;\"><span style=\"font-style: inherit; font-weight: inherit; color: #000000;\">Prema Zakonu o pravima pacijenata, savetnik pacijenata ima dvostruku ulogu:<\/span><br style=\"font-style: inherit; font-weight: inherit;\" \/><span style=\"font-style: inherit; font-weight: inherit; color: #000000;\"> &#8211; postupa po podnetom prigovoru pacijenta i<\/span><br \/>\n<span style=\"font-style: inherit; font-weight: inherit; color: #000000;\"> &#8211; daje potrebne savete i informacije o pravima pacijenata.<\/span><br style=\"font-style: inherit; font-weight: inherit;\" \/><span style=\"font-style: inherit; font-weight: inherit; color: #000000;\"> Savetnik pacijenata postupa po prigovoru na teritoriji lokalne samouprave na kojoj se nalazi zdravstvena ustanova na koju se prigovor odnosi, a stvarno je nadle\u017ean za postupanje po prigovorima pacijenata na uskra\u0107ivanje nekog od prava iz oblasti zdravstvene za\u0161tite.<\/span><br style=\"font-style: inherit; font-weight: inherit;\" \/><span style=\"font-style: inherit; font-weight: inherit; color: #000000;\"> Grad Beograd je obrazovao Kancelariju za za\u0161titu prava pacijenata, u kojoj rade savetnici pacijenata za \u010ditavu teritoriju grada Beograda, dakle i za pacijente Zavoda za zdravstvenu za\u0161titu studenata, Beograd.<\/span><br style=\"font-style: inherit; font-weight: inherit;\" \/><strong><span style=\"font-style: inherit; color: #000000;\"> Podaci o Kancelariji za za\u0161titu prava pacijenata su:<\/span><\/strong><br style=\"font-style: inherit; font-weight: inherit;\" \/><span style=\"font-style: inherit; color: #000000;\">Adresa:<\/span><strong><span style=\"font-style: inherit; color: #000000;\"> ulica Tir\u0161ova broj 1<\/span><\/strong><br style=\"font-style: inherit; font-weight: inherit;\" \/><span style=\"font-style: inherit; color: #000000;\">Broj sobe, sprat:<\/span><strong><span style=\"font-style: inherit; color: #000000;\"> prizeml\u0458e, kancelarija broj 9<\/span><\/strong><br style=\"font-style: inherit; font-weight: inherit;\" \/><span style=\"font-style: inherit; color: #000000;\">Radno vreme:<\/span><strong><span style=\"font-style: inherit; color: #000000;\"> radnim danom od 7,30 do 15,30 \u010dasova<\/span><\/strong><br \/>\n<span style=\"font-style: inherit; color: #000000;\">Telefon i e-mail:<\/span><strong><span style=\"font-style: inherit; color: #000000;\"> 011\/360-56-34; savetnik.pacijenata@beograd.gov.rs<\/span><\/strong><\/p>\n<p style=\"text-align: justify;\"><span style=\"font-style: inherit; font-weight: inherit; color: #000000;\">Rad savetnika pacijenata bli\u017ee je regulisan Pravilnikom o na\u010dinu postupanja po prigovoru, obrascu i sadr\u017eaju zapisnika i izve\u0161taja savetnika za za\u0161titu prava pacijenata (\u201eSl. glasnik RS&#8221; br. 71\/13 i 40\/14 &#8211; ispravka).<\/span><\/p>\n<p><\/p>","protected":false},"excerpt":{"rendered":"<p>Zakonom o pravima pacijenata (\u201eSl. glasnik RS&#8221; br. 45\/13 i 25\/19 &#8211; dr. zakon) ure\u0111ena su prava pacijenata prilikom kori\u0161\u0107enja zdravstvene za\u0161tite, na\u010din ostvarivanja i na\u010din za\u0161tite tih prava, kao i druga pitanja u vezi <p><a class=\"dp-readon\" href=\"https:\/\/zzzzsbg.rs\/rs\/zastita-prava-pacijenata\/\"><span>Detaljnije...<\/span><\/a><\/p><\/p>\n","protected":false},"author":1,"featured_media":0,"parent":0,"menu_order":0,"comment_status":"closed","ping_status":"closed","template":"","meta":{"footnotes":""},"class_list":["post-1290","page","type-page","status-publish","hentry"],"_links":{"self":[{"href":"https:\/\/zzzzsbg.rs\/rs\/wp-json\/wp\/v2\/pages\/1290","targetHints":{"allow":["GET"]}}],"collection":[{"href":"https:\/\/zzzzsbg.rs\/rs\/wp-json\/wp\/v2\/pages"}],"about":[{"href":"https:\/\/zzzzsbg.rs\/rs\/wp-json\/wp\/v2\/types\/page"}],"author":[{"embeddable":true,"href":"https:\/\/zzzzsbg.rs\/rs\/wp-json\/wp\/v2\/users\/1"}],"replies":[{"embeddable":true,"href":"https:\/\/zzzzsbg.rs\/rs\/wp-json\/wp\/v2\/comments?post=1290"}],"version-history":[{"count":0,"href":"https:\/\/zzzzsbg.rs\/rs\/wp-json\/wp\/v2\/pages\/1290\/revisions"}],"wp:attachment":[{"href":"https:\/\/zzzzsbg.rs\/rs\/wp-json\/wp\/v2\/media?parent=1290"}],"curies":[{"name":"wp","href":"https:\/\/api.w.org\/{rel}","templated":true}]}}