    

{"id":1278,"date":"2016-05-20T10:36:49","date_gmt":"2016-05-20T10:36:49","guid":{"rendered":"http:\/\/zzzzsbg.rs\/?page_id=1278"},"modified":"2016-06-15T07:08:05","modified_gmt":"2016-06-15T07:08:05","slug":"sluzba-za-specijalisticko-konsultativnu-delatnost","status":"publish","type":"page","link":"https:\/\/zzzzsbg.rs\/rs\/sluzba-za-specijalisticko-konsultativnu-delatnost\/","title":{"rendered":"Slu\u017eba za specijalisti\u010dko konsultativnu delatnost"},"content":{"rendered":"<p>[vc_row][vc_column][vc_tta_tabs][vc_tta_section i_icon_fontawesome=&#8221;fa fa-arrow-circle-o-right&#8221; title=&#8221;Odeljenje interne medicine (ambulanta)&#8221; tab_id=&#8221;1464246603265-a5f1aa77-4de2&#8243; add_icon=&#8221;true&#8221;][vc_column_text]<span style=\"color: #000000;\"><img loading=\"lazy\" decoding=\"async\" class=\"alignleft wp-image-1934 size-medium\" src=\"http:\/\/zzzzsbg.rs\/wp-content\/uploads\/2016\/06\/Interno-2-300x168.jpg\" alt=\"Interno 2\" width=\"300\" height=\"168\" srcset=\"https:\/\/zzzzsbg.rs\/wp-content\/uploads\/2016\/06\/Interno-2-300x168.jpg 300w, https:\/\/zzzzsbg.rs\/wp-content\/uploads\/2016\/06\/Interno-2.jpg 410w\" sizes=\"auto, (max-width: 300px) 100vw, 300px\" \/><\/span><\/p>\n<p>&nbsp;<\/p>\n<p style=\"text-align: justify;\"><span style=\"color: #000000;\">U internisti\u010dkoj ambulanti mogu se obaviti internisti\u010dki pregledi, EKG, ultrazvu\u010dni pregledi \u0161titaste \u017elezde, srca i abdomena, ambulantorno snimanje krvnog pritiska tokom 24 sata&#8230;<\/span><br \/>\n<span style=\"color: #000000;\">Radno vreme ambulante kao i nedel\u0458ni rasporedi lekara, dostupni su i redovno se a\u017euriraju na sajtu Zavoda.<\/span><br \/>\n<span style=\"color: #000000;\">Za pregled je potrebno da imate indeks, overenu zdravstvenu knji\u017eicu i uput.<\/span><\/p>\n<p>[\/vc_column_text][\/vc_tta_section][vc_tta_section i_icon_fontawesome=&#8221;fa fa-arrow-circle-o-right&#8221; title=&#8221;Odeljenje oftalmologije&#8221; tab_id=&#8221;1464246603490-d5e2d339-0343&#8243; add_icon=&#8221;true&#8221;][vc_column_text]<span style=\"color: #000000;\"><img loading=\"lazy\" decoding=\"async\" class=\"alignleft wp-image-1547 size-medium\" src=\"http:\/\/zzzzsbg.rs\/wp-content\/uploads\/2016\/06\/O\u0107no-3-300x169.jpg\" alt=\"O\u0107no 3\" width=\"300\" height=\"169\" srcset=\"https:\/\/zzzzsbg.rs\/wp-content\/uploads\/2016\/06\/O\u0107no-3-300x169.jpg 300w, https:\/\/zzzzsbg.rs\/wp-content\/uploads\/2016\/06\/O\u0107no-3-768x432.jpg 768w, https:\/\/zzzzsbg.rs\/wp-content\/uploads\/2016\/06\/O\u0107no-3-1024x576.jpg 1024w, https:\/\/zzzzsbg.rs\/wp-content\/uploads\/2016\/06\/O\u0107no-3.jpg 1280w\" sizes=\"auto, (max-width: 300px) 100vw, 300px\" \/><\/span><br \/>\n<span style=\"color: #000000;\">Na O\u010dnom odel\u0458enju studenti mogu obaviti kompletan oftalmolo\u0161ki pregled:<\/span><br \/>\n<span style=\"color: #000000;\">-Utvr\u0111ivanje o\u0161trine vida i prepisivanje nao\u010dara ili kontaktnih so\u010diva uz predhodno kompjutersko odre\u0111ivanje dioptrije i po potrebi skijaskopski pregled<\/span><br \/>\n<span style=\"color: #000000;\">-Merenje o\u010dnog pritiska- preporu\u010deno kod pacijenata kod kojih postoji genetska predispozicija<\/span><br \/>\n<span style=\"color: #000000;\">-Pregled o\u010dnog dna-obavezno jednom godi\u0161nje kod dijabeti\u010dara, kod progresivne miopije&#8230;<\/span><br \/>\n<span style=\"color: #000000;\">-Pregled i le\u010denje infekcija oka.<\/span><br \/>\n<span style=\"color: #000000;\">Studenti mogu dobiti savet kako spre\u010diti ili smanjiti subjektivne smetnje koje imaju kao posledicu intenzivnog rada na blizinu.<\/span><\/p>\n<p><span style=\"color: #000000;\">[showbiz oko]<\/span>[\/vc_column_text][\/vc_tta_section][vc_tta_section i_icon_fontawesome=&#8221;fa fa-arrow-circle-o-right&#8221; title=&#8221;Odeljenje otorinolaringologije&#8221; tab_id=&#8221;1464246822113-5c4ff97c-2ccb&#8221; add_icon=&#8221;true&#8221;][vc_column_text]<\/p>\n<p style=\"text-align: justify;\"><span style=\"color: #000000;\"><img loading=\"lazy\" decoding=\"async\" class=\"alignleft wp-image-1532 size-medium\" src=\"http:\/\/zzzzsbg.rs\/wp-content\/uploads\/2016\/06\/ORL-2-300x169.jpg\" alt=\"ORL 2\" width=\"300\" height=\"169\" srcset=\"https:\/\/zzzzsbg.rs\/wp-content\/uploads\/2016\/06\/ORL-2-300x169.jpg 300w, https:\/\/zzzzsbg.rs\/wp-content\/uploads\/2016\/06\/ORL-2-768x432.jpg 768w, https:\/\/zzzzsbg.rs\/wp-content\/uploads\/2016\/06\/ORL-2-1024x576.jpg 1024w, https:\/\/zzzzsbg.rs\/wp-content\/uploads\/2016\/06\/ORL-2.jpg 1280w\" sizes=\"auto, (max-width: 300px) 100vw, 300px\" \/>U odel\u0458enju za otorinolaringologiju studenti mogu dobiti kompletan otorinolaringolo\u0161ki pregled, kao i audio vestibulolo\u0161ku dijagnostiku od strane defektologa surdoaudiologa. Rad je organizovan u tri jedinice: ambulanta orl specijaliste, audiolo\u0161ki kabinet i intervencije. <\/span><br \/>\n<span style=\"color: #000000;\">Na na\u0161em odel\u0458enju specijalista otorinolaringolog mo\u017ee otkloniti strano telo iz u\u0161nog kanala ili iz usta i \u017edrela ( npr. ribl\u0458a kost ), odstraniti nagomilanu u\u0161nu mast, kao i propisati inhalacionu terapiju usled promuklosti grla.<\/span><\/p>\n<p>[\/vc_column_text][\/vc_tta_section][vc_tta_section i_icon_fontawesome=&#8221;fa fa-arrow-circle-o-right&#8221; title=&#8221;Odeljenje psihijatrije &#8211; neuropsihijatrije&#8221; tab_id=&#8221;1464246823700-b58440d5-af88&#8243; add_icon=&#8221;true&#8221;][vc_column_text]<\/p>\n<p style=\"text-align: justify;\"><span style=\"color: #000000;\"><img loading=\"lazy\" decoding=\"async\" class=\"alignleft wp-image-1525 size-medium\" src=\"http:\/\/zzzzsbg.rs\/wp-content\/uploads\/2016\/06\/Psihijatrija-1-300x169.jpg\" alt=\"Psihijatrija (1)\" width=\"300\" height=\"169\" srcset=\"https:\/\/zzzzsbg.rs\/wp-content\/uploads\/2016\/06\/Psihijatrija-1-300x169.jpg 300w, https:\/\/zzzzsbg.rs\/wp-content\/uploads\/2016\/06\/Psihijatrija-1-768x432.jpg 768w, https:\/\/zzzzsbg.rs\/wp-content\/uploads\/2016\/06\/Psihijatrija-1-1024x576.jpg 1024w, https:\/\/zzzzsbg.rs\/wp-content\/uploads\/2016\/06\/Psihijatrija-1.jpg 1280w\" sizes=\"auto, (max-width: 300px) 100vw, 300px\" \/>Ukoliko imate te\u0161ko\u0107e sa adaptacijom na novu sredinu, u\u010denjem, komunikacijom, dileme oko profesionalnog izbora, probleme u porodici, partnerskom odnosu&#8230;<\/span><br \/>\n<span style=\"color: #000000;\">Ako se ose\u0107ate teskobno, upla\u0161eno, stalno pod pritiskom, utu\u010deno, bezvoljno, ne mo\u017eete da spavate, imate strahove, napade panike, brinete se za zdravlje&#8230;<\/span><br \/>\n<span style=\"color: #000000;\">Problemi identiteta, samopouzdanja, sazrevanja, seksualna orijentacija&#8230;<\/span><br \/>\n<span style=\"color: #000000;\">Na na\u0161em odeljenju rade psihijatri i psiholozi uz \u010diju pomo\u0107 mo\u017eete lak\u0161e savladati krizne reakcije tokom procesa studiranja, kroz edukativno-savetodavni pristup, grupnu i individualnu psihoterapiju i farmakoterapiju u kratkom periodu.<\/span><\/p>\n<p>[\/vc_column_text][\/vc_tta_section][vc_tta_section i_icon_fontawesome=&#8221;fa fa-arrow-circle-o-right&#8221; title=&#8221;Odeljenje fizikalne medicine i rehabilitacije&#8221; tab_id=&#8221;1464246824847-4e14a57b-3453&#8243; add_icon=&#8221;true&#8221;][vc_column_text]<\/p>\n<p style=\"text-align: justify;\"><span style=\"color: #000000;\"><img loading=\"lazy\" decoding=\"async\" class=\"alignleft wp-image-1854 size-medium\" src=\"http:\/\/zzzzsbg.rs\/wp-content\/uploads\/2016\/06\/Fizikalna-1-300x168.jpg\" alt=\"Fizikalna (1)\" width=\"300\" height=\"168\" srcset=\"https:\/\/zzzzsbg.rs\/wp-content\/uploads\/2016\/06\/Fizikalna-1-300x168.jpg 300w, https:\/\/zzzzsbg.rs\/wp-content\/uploads\/2016\/06\/Fizikalna-1.jpg 410w\" sizes=\"auto, (max-width: 300px) 100vw, 300px\" \/>Poslednjih dvadeset godina studenti poreklom iz gradova (i oni prodo\u0161li koji su prihvatili druga\u010diji na\u010din \u017eivota) sve \u010de\u0161\u0107e se \u017eale na bolove u le\u0111ima, a sa svakom novom generacijom ih je sve vi\u0161e. Kada se nakon pregleda isklju\u010di oboljenje i stanje, razlozi su najverovatnije dugo sedenje (za radnim stolom, ekranom), ishrana (drasti\u010dan porast broja gojaznih), na\u010din \u017eivota (izostanak \u010dak umerene fizi\u010dke aktivnosti) ili kombinacija vi\u0161e njih (brzi obrok uz ekran).<\/span><\/p>\n<p style=\"text-align: justify;\"><span style=\"color: #000000;\">Na planetarnom nivou se skoro sva dru\u0161tva intenzivno motorizuju i kompjuterizuju. Ljudsko telo za jednu generaciju trpi velike promene. Umesto da hoda, potr\u010di, sko\u010di ili obavlja fizi\u010dki (te\u017ei ili lak\u0161i) posao, telo sve du\u017ee sedi u ku\u0107i, u prevozu, na poslu naj\u010de\u0161\u0107e pred ekranom.<\/span><\/p>\n<p style=\"text-align: justify;\"><span style=\"color: #000000;\">Pored dugotrajnog svakodnevnog stresa, stalna napregnutost \u2013 kontrakcija &#8211; mi\u0161i\u0107a pojedinih delova tela uzrokuje mi\u0161i\u010dni gr\u010d koji nije pra\u0107en opu\u0161tanjem \u2013 relaksacijiom. <\/span><br \/>\n<span style=\"color: #000000;\">Odr\u017eavanje sedenja (najnepo\u017eeljniji polo\u017eaj tela) aktivira \u2013 gr\u010di &#8211; samo jednu grupu mi\u0161i\u0107a (vrata, ramena, le\u0111a). Kao posledica se javlja poreme\u0107en odnos aktivnosti mi\u0161i\u0107a \u2013 disbalans &#8211; izme\u0111u le\u0111a, kukova i trbu\u0161nih mi\u0161i\u0107a. Sledi slabljenje, skra\u0107enje i propadanje neiskori\u0161\u0107enih mi\u0161i\u0107nih vlakana, pa gubitak celih mi\u0161i\u0107nih grupa, zatim poreme\u0107aj cirkulacije, potom nepravilno optere\u0107enje zgloba (tela pr\u0161ljena).<\/span><br \/>\n<span style=\"color: #000000;\">Rezultat je bol u mi\u0161i\u0107ima, zglobovima, glavobolja, pospanost, zaboravnost, malaksalost. <\/span><br \/>\n<span style=\"color: #000000;\">Ukoliko \u017eelite da navedeno predupredite ili da se bavite sportom, amaterski ili (polu)profesionalno preporu\u010dujemo vam pregled i konsultaciju na\u0161ih lekara &#8211; specijalista fizikalne medicine i rehabilitacije ili medicine sporta \u0107e vam rado iza\u0107i u susret.<\/span><\/p>\n<p style=\"text-align: justify;\">[showbiz kinezi]<\/p>\n<p>[\/vc_column_text][\/vc_tta_section][vc_tta_section i_icon_fontawesome=&#8221;fa fa-arrow-circle-o-right&#8221; title=&#8221;Odeljenje dermatovenerologije&#8221; tab_id=&#8221;1464246825831-958d23b7-eed2&#8243; add_icon=&#8221;true&#8221;][vc_column_text]<\/p>\n<p style=\"text-align: justify;\"><span style=\"color: #000000;\"><img loading=\"lazy\" decoding=\"async\" class=\"alignleft wp-image-1498 size-medium\" src=\"http:\/\/zzzzsbg.rs\/wp-content\/uploads\/2016\/06\/Derma-2-300x169.jpg\" alt=\"Derma 2\" width=\"300\" height=\"169\" srcset=\"https:\/\/zzzzsbg.rs\/wp-content\/uploads\/2016\/06\/Derma-2-300x169.jpg 300w, https:\/\/zzzzsbg.rs\/wp-content\/uploads\/2016\/06\/Derma-2-768x432.jpg 768w, https:\/\/zzzzsbg.rs\/wp-content\/uploads\/2016\/06\/Derma-2-1024x576.jpg 1024w, https:\/\/zzzzsbg.rs\/wp-content\/uploads\/2016\/06\/Derma-2.jpg 1280w\" sizes=\"auto, (max-width: 300px) 100vw, 300px\" \/>Dermatovenerologija je oblast medicine koja se bavi prou\u010davanjem i le\u010denjem obol\u0458enja ko\u017ee.<\/span><br \/>\n<span style=\"color: #000000;\">Sa porukom \u201ePravilno se informi\u0161ite\u201c na odel\u0458enju dermatovenerologije mo\u017eete saznati sve \u0161to vas zanima o ko\u017ei, pravilnoj nezi, bolestima ko\u017ee, kose i noktiju, kao i za\u0161titi od sunca, pregledu i osobinama \u201eozbil\u0458nih\u201c mlade\u017ea i samopregledu.<\/span><br \/>\n<span style=\"color: #000000;\">Dijagnosti\u010dke i terapijskih procedura, koje se primenjuju na odel\u0458enju:<\/span><br \/>\n<span style=\"color: #000000;\">Dermoskopija- metoda za otkrivanje i razlikovanje dobro\u0107udnih i zlo\u0107udnih tumora ko\u017ee, nakon klini\u010dkog pregleda ko\u017ee<\/span><br \/>\n<span style=\"color: #000000;\">Ultravioletna fototerapija (strogo kontrolisani UVA i UVB zraci) za le\u010denje psorijaze, vitiliga, atopijskog dermatitisa<\/span><br \/>\n<span style=\"color: #000000;\">Krio terapija i termokauter za uklanjanje promena na ko\u017ei<\/span><br \/>\n<span style=\"color: #000000;\">Kroz me\u0111usobno uva\u017eavanje i poverenje, zdravstveni radnici \u0107e svojim savetima i stru\u010dnom pristupu, pravovremenoj terapiji, po savremenim protokolima , razre\u0161iti va\u0161e dileme u vezi sa seksualno prenosivim infekcijama i pravilnoj za\u0161titi.<\/span><\/p>\n<p style=\"text-align: justify;\">[showbiz kozno]<\/p>\n<p>[\/vc_column_text][\/vc_tta_section][vc_tta_section i_icon_fontawesome=&#8221;fa fa-arrow-circle-o-right&#8221; title=&#8221;Odsek za procenu zdravstvene sposobnosti&#8221; tab_id=&#8221;1464246827268-291aa8c9-6c55&#8243; add_icon=&#8221;true&#8221;][vc_column_text]<img loading=\"lazy\" decoding=\"async\" class=\"alignnone size-large wp-image-26\" src=\"http:\/\/zzzzsbg.rs\/wp-content\/uploads\/2016\/01\/Website-Under-Construction-1024x681.jpg\" alt=\"Website-Under-Construction\" width=\"1024\" height=\"681\" srcset=\"https:\/\/zzzzsbg.rs\/wp-content\/uploads\/2016\/01\/Website-Under-Construction-1024x681.jpg 1024w, https:\/\/zzzzsbg.rs\/wp-content\/uploads\/2016\/01\/Website-Under-Construction-300x200.jpg 300w, https:\/\/zzzzsbg.rs\/wp-content\/uploads\/2016\/01\/Website-Under-Construction-768x511.jpg 768w, https:\/\/zzzzsbg.rs\/wp-content\/uploads\/2016\/01\/Website-Under-Construction.jpg 1200w\" sizes=\"auto, (max-width: 1024px) 100vw, 1024px\" \/>[\/vc_column_text][\/vc_tta_section][\/vc_tta_tabs][\/vc_column][\/vc_row]<\/p>","protected":false},"excerpt":{"rendered":"<p>[vc_row][vc_column][vc_tta_tabs][vc_tta_section i_icon_fontawesome=&#8221;fa fa-arrow-circle-o-right&#8221; title=&#8221;Odeljenje interne medicine (ambulanta)&#8221; tab_id=&#8221;1464246603265-a5f1aa77-4de2&#8243; add_icon=&#8221;true&#8221;][vc_column_text] &nbsp; U internisti\u010dkoj ambulanti mogu se obaviti internisti\u010dki pregledi, EKG, ultrazvu\u010dni pregledi \u0161titaste \u017elezde, srca i abdomena, ambulantorno snimanje krvnog pritiska tokom 24 sata&#8230; Radno vreme <p><a class=\"dp-readon\" href=\"https:\/\/zzzzsbg.rs\/rs\/sluzba-za-specijalisticko-konsultativnu-delatnost\/\"><span>Detaljnije...<\/span><\/a><\/p><\/p>\n","protected":false},"author":1,"featured_media":0,"parent":0,"menu_order":0,"comment_status":"closed","ping_status":"closed","template":"","meta":{"footnotes":""},"class_list":["post-1278","page","type-page","status-publish","hentry"],"_links":{"self":[{"href":"https:\/\/zzzzsbg.rs\/rs\/wp-json\/wp\/v2\/pages\/1278","targetHints":{"allow":["GET"]}}],"collection":[{"href":"https:\/\/zzzzsbg.rs\/rs\/wp-json\/wp\/v2\/pages"}],"about":[{"href":"https:\/\/zzzzsbg.rs\/rs\/wp-json\/wp\/v2\/types\/page"}],"author":[{"embeddable":true,"href":"https:\/\/zzzzsbg.rs\/rs\/wp-json\/wp\/v2\/users\/1"}],"replies":[{"embeddable":true,"href":"https:\/\/zzzzsbg.rs\/rs\/wp-json\/wp\/v2\/comments?post=1278"}],"version-history":[{"count":0,"href":"https:\/\/zzzzsbg.rs\/rs\/wp-json\/wp\/v2\/pages\/1278\/revisions"}],"wp:attachment":[{"href":"https:\/\/zzzzsbg.rs\/rs\/wp-json\/wp\/v2\/media?parent=1278"}],"curies":[{"name":"wp","href":"https:\/\/api.w.org\/{rel}","templated":true}]}}