    

{"id":1272,"date":"2016-05-20T10:34:13","date_gmt":"2016-05-20T10:34:13","guid":{"rendered":"http:\/\/zzzzsbg.rs\/?page_id=1272"},"modified":"2024-03-14T14:19:20","modified_gmt":"2024-03-14T13:19:20","slug":"sluzba-socijalne-medicine-sa-informatikom","status":"publish","type":"page","link":"https:\/\/zzzzsbg.rs\/rs\/sluzba-socijalne-medicine-sa-informatikom\/","title":{"rendered":"Slu\u017eba socijalne medicine sa informatikom"},"content":{"rendered":"<p>[vc_row][vc_column][vc_tta_tabs][vc_tta_section i_icon_fontawesome=&#8221;fa fa-arrow-circle-o-right&#8221; title=&#8221;Odeljenje socijalne medicine&#8221; tab_id=&#8221;1464252461254-8a238cea-68b1&#8243; add_icon=&#8221;true&#8221;][vc_column_text]<\/p>\n<p style=\"text-align: justify;\"><span style=\"color: #000000;\"><img loading=\"lazy\" decoding=\"async\" class=\"alignleft wp-image-1783 size-medium\" src=\"http:\/\/zzzzsbg.rs\/wp-content\/uploads\/2016\/06\/Socijalna-1-300x168.jpg\" alt=\"Socijalna 1\" width=\"300\" height=\"168\" srcset=\"https:\/\/zzzzsbg.rs\/wp-content\/uploads\/2016\/06\/Socijalna-1-300x168.jpg 300w, https:\/\/zzzzsbg.rs\/wp-content\/uploads\/2016\/06\/Socijalna-1.jpg 410w\" sizes=\"auto, (max-width: 300px) 100vw, 300px\" \/>U Odel\u0458enju socijalne medicine obavl\u0458aju se aktivnosti u vezi pra\u0107enja procesa rada Zavoda i optimalnog kori\u0161\u0107enja raspolo\u017eivih kapaciteta (kadrova, opreme, prostora) za obezbe\u0111ivanje zdravstvenih potreba studenata. <\/span><br \/>\n<span style=\"color: #000000;\">Poslovi podrazumevaju izradu godi\u0161njeg plana rada Zavoda, pra\u0107enje njegovog izvr\u0161enja i predlaganje korektivnih mera. Aktivnosti se zasnivaju na saradnji sa drugim organizacionim jedinicama Zavoda, Gradskim zavodom za javno zdravl\u0458e Beograd i Filijalom Republi\u010dkog fonda za zdravstveno osiguranje. Odel\u0458enje socijalne medicine bavi se i poslovima pra\u0107enja kvaliteta zdravstvene za\u0161tite i zadovol\u0458stva korisnika usluga i zaposlenih u ustanovi, kao i koordinacijom poslova koje obavl\u0458a Komisija za unapre\u0111enje kvaliteta zdravstvene za\u0161tite Zavoda.<\/span><br \/>\n<span style=\"color: #000000;\">Zna\u010dajan deo aktivnosti Odel\u0458enja socijalne medicine odnosi se na oblast promocije i unapre\u0111enja zdravl\u0458a studenata, a realizuje se kroz pra\u0107enje sprovo\u0111enja Kalendara zdravl\u0458a, pripremu odgovaraju\u0107ih zdravstveno promotivnih sadr\u017eaja za studente ostvarivanjem komunkacije metodama koje su tehnolo\u0161ki prilago\u0111ene studentima: facebook, you tube, web site, promotivni ekrani u ustanovi i sl. <\/span><br \/>\n<span style=\"color: #000000;\">Zaposleni u Odel\u0458enju socijalne medicine aktivno su ukl\u0458u\u010deni u proces informatizacije rada Zavoda, pru\u017eaju\u0107i stru\u010dnu podr\u0161ku zaposlenima za ovladavanje primene softverskih re\u0161enja zdravstvenog informacionog sistema. <\/span><br \/>\n<span style=\"color: #000000;\">Efikasan rad Odel\u0458enja za socijalnu medicinu podrazumeva dobro uspostavl\u0458en timski rad i zasniva se na kvalitetnoj saradnji sa korisnicima usluga, zaposlenima u Zavodu i sa predstavnicima relevantnih institucija van zdravstvene ustanove.<\/span><\/p>\n<p style=\"text-align: justify;\">[showbiz Socmed]<\/p>\n<p>[\/vc_column_text][\/vc_tta_section][vc_tta_section title=&#8221;Odeljenje informacionih sistema i tehnologija &#8221; tab_id=&#8221;1464252461355-e21991bb-d1e3&#8243; add_icon=&#8221;true&#8221;][vc_column_text]<span style=\"color: #000000;\"><img loading=\"lazy\" decoding=\"async\" class=\"alignleft wp-image-1776 size-medium\" src=\"http:\/\/zzzzsbg.rs\/wp-content\/uploads\/2016\/06\/Informatika-7-300x168.jpg\" alt=\"Informatika 7\" width=\"300\" height=\"168\" srcset=\"https:\/\/zzzzsbg.rs\/wp-content\/uploads\/2016\/06\/Informatika-7-300x168.jpg 300w, https:\/\/zzzzsbg.rs\/wp-content\/uploads\/2016\/06\/Informatika-7.jpg 410w\" sizes=\"auto, (max-width: 300px) 100vw, 300px\" \/><\/span><\/p>\n<p style=\"text-align: justify;\"><span style=\"color: #000000;\">Prvi ra\u010dunar u\u0161ao je u Zavod 1990. godine, a ve\u0107 1992. godine 10 ra\u010dunara je bilo povezano u LAN mre\u017eu. Tada\u0161nji direktor, dr Dragan Ili\u0107 bio je vizionar i u ovom segmentu, i na vreme, shvatio da je informati\u010dka slu\u017eba neophona karika u svakom poslovanju, i da \u0107e uvo\u0111enjem informacionih sistema ostvariti benefite za sve zaposlene mediciske i nemedicinske radnike, korisnike zdravstvene za\u0161tite i ekonomske efekte. Prvi koraci su bili izuzetno va\u017eni. Profesionalno se anga\u017euje jedan informati\u010dar sa punim radnim vremenom 1993. godine. Tada se po\u010dinje sa primenom Zdravstvenog informacionog sistema sa podsistemima: Kartoteka, Evidentiranje usluga i Sistematski pregledi.<\/span><\/p>\n<p style=\"text-align: justify;\"><span style=\"color: #000000;\">Slu\u017eba za medicinsku informatiku i statistiku po\u010dinje sa radom 1994. i radnici slu\u017ebe se \u0161al\u0458u na stru\u010dno usavr\u0161avanje iz oblasti informatike.<\/span><\/p>\n<p style=\"text-align: justify;\"><span style=\"color: #000000;\">Ohrabrena i kadrovski oja\u010dana Slu\u017eba za medicinsku informatiku i statistiku, kao prva i inovativna u celom beogradskom zdravstvenom sistemu, nesebi\u010dno je pomagala drugim domovima zdravl\u0458a i predstavl\u0458ala koje se novine uvode u Zavodu. Koliko je entuzijazma i sluha za razvoj informacionih sistema tada bilo govori i podatak da je informati\u010dar koji je razvijao program za Stacionar, boravio mesec dana u Stacionaru tokom pisanja tog podsistema.<\/span><\/p>\n<p style=\"text-align: justify;\"><span style=\"color: #000000;\">Veliko ulaganje u kadar i opremu se jako brzo isplatilo. Ve\u0107 1997. godine u Zavodu je preko 30 ra\u010dunara, baza sa oko 150.000 pacijenata i 4 miliona usluga. Kreirana je i prva veb prezentacija (www.studpol.co.yu)<\/span><\/p>\n<p style=\"text-align: justify;\"><span style=\"color: #000000;\">Ovaj pionirski rad se iz godine u godinu razvijao, oboga\u0107ivao i bivao sve slo\u017eeniji i zahtevniji.<\/span><\/p>\n<p style=\"text-align: justify;\"><span style=\"color: #000000;\">Do 2010. godine broj ra\u010dunara se podigao na 100. Od Sekretarijata za zdravstvo-Gradska uprava grada Beograda dobili smo 18 ra\u010dunara. To je bila prva donacija. Aplikacije koje su kreirane od strane Odel\u0458enja informatike do tada:<\/span><\/p>\n<p style=\"text-align: justify;\"><span style=\"color: #000000;\"><strong>Desktop<\/strong> <strong>Aplikacije<\/strong><\/span><\/p>\n<ul style=\"text-align: justify;\">\n<li><span style=\"color: #000000;\"><strong>BubaLoma (6.5.3.0)<\/strong>: slu\u017ei za a\u017euriranje podataka o pacijentima i evidenciju unetih usluga, lekova i sanitetskog materijala, kao i unos i obradu podataka u vezi sa istorijom bolesti pacijenata koji se le\u010de u Stacionaru Zavoda. Podaci ovako une\u0161eni u bazu, kasnije slu\u017ee za pripremu elektronske fakture ka RZZO, registraciju izabranog lekara i brojne druge izve\u0161taje.<\/span><\/li>\n<li><span style=\"color: #000000;\"><strong>Zaposleni (3.1.0.0):<\/strong> slu\u017ei za a\u017euriranje podataka o zaposlenima, a za podr\u0161ku ostalim aplikacijama u sistemu.<\/span><\/li>\n<li><span style=\"color: #000000;\"><strong>Blagajna (4.0.5.0)<\/strong>: za brojne izve\u0161taje o napla\u0107enim uslugama (pre uvo\u0111enja fiskalne kase ova aplikacija je slu\u017eila za unos napla\u0107enih usluga).<\/span><\/li>\n<li><span style=\"color: #000000;\"><strong>Pregledi za dom (3.1.2.0)<\/strong>: omogu\u0107ava elektronsku razmenu podataka izme\u0111u Studentskog centra Beograd i Zavoda, na taj na\u010din \u0161to upisuje statuse i datume obavLjenih pregleda za dom na \u010dip studentske kartice. Omogu\u0107ava i odr\u017eavanje elektronskog protokola obavLjenih pregleda.<\/span><\/li>\n<li><span style=\"color: #000000;\"><strong>Sistematski (2.2.0.0)<\/strong>: omogu\u0107ava unos i obradu podataka sa preventivnih listova obavLjenih sistematskih pregleda studenata, koji se vr\u0161e radi overe semestra na fakultetu.<\/span><\/li>\n<li><span style=\"color: #000000;\"><strong>Osmice (3.2.0.0)<\/strong>: aplikacija za vo\u0111enje evidencije rada i odsustva sa posla, kao i pripremu rasporeda rada lekara koji se postavLja na sajt Zavoda jednom sedmi\u010dno.<\/span><\/li>\n<li><span style=\"color: #000000;\"><strong>Tender-ponder (2.1.3.0):<\/strong> aplikacija za vo\u0111enje baze potro\u0161nog i ostalog materijala, a poma\u017ee jer omogu\u0107ava izradu narud\u017ebenica i izra\u010dunava najpovoLjniju ponudu od unetih.<\/span><\/li>\n<li><span style=\"color: #000000;\"><strong>VCT<\/strong> <strong>List (2.0.2.0)<\/strong>: aplikacija koja se koristi za a\u017euriranje podataka u vezi sa testiranjem na HIV.<\/span><\/li>\n<\/ul>\n<p style=\"text-align: justify;\"><span style=\"color: #000000;\"><strong>W<\/strong><strong>eb aplikacije<\/strong> su namenjene korisnicima Informacionog sistema Zavoda za njihove poslovne potrebe. N\u0458ihove osnovne karakteristike su: jednostavan sadr\u017eaj, centralizovan pristup i jednostavne operacije koje izvr\u0161avaju.<\/span><\/p>\n<p style=\"text-align: justify;\"><span style=\"color: #000000;\">Od 2011. godine do 2023. godine, po projektu DILS, obnovl\u0458ena je mre\u017ena infrastruktura na svim punktovima Zavoda. Isporu\u010deno je 55 novih ra\u010dunara.<\/span><\/p>\n<ul style=\"text-align: justify;\">\n<li><span style=\"color: #000000;\">Izvr\u0161ena je implementacija zvani\u010dnog, licenciranog IS HELIANT (E karton, fakturisanje, IOH, Izve\u0161tavanje&#8230;)<\/span><\/li>\n<li><span style=\"color: #000000;\">Integracija HELIANTa u IZIS \u201eMoj doktor\u201c.<\/span><\/li>\n<li><span style=\"color: #000000;\">Nova veb prezentacija <a style=\"color: #000000;\" href=\"http:\/\/www.zzzzsbg.rs\">zzzzsbg.rs<\/a><\/span><\/li>\n<li><span style=\"color: #000000;\">IS MONEO (finansije, ra\u010dunovodstvo, kadrovi&#8230;)<\/span><\/li>\n<li><span style=\"color: #000000;\">IS LIS (laboratorijski informacioni sistem)<\/span><\/li>\n<li><span style=\"color: #000000;\">Izvr\u0161ena implementacija L3VPN<\/span><\/li>\n<\/ul>\n<p style=\"text-align: justify;\"><span style=\"color: #000000;\">Danas u Zavodu ima oko 150 ra\u010dunara raspore\u0111enih na 4 punkta.<\/span><\/p>\n<p style=\"text-align: justify;\"><span style=\"color: #000000;\">U Odel\u0458enju informacionih sistema i tehnologija trenutno je zaposleno dvoje informati\u010dara. Jedan je rukovodilac poslova IS i tehnologija Gordana Stamenkovi\u0107, a drugi, in\u017eenjer za ra\u010dunarske mre\u017ee Stefan Milo\u0161evi\u0107. Uz njih, veliki doprinos u razvoju i radu ovog odel\u0458enja dali su i programeri Jovo Mirkovi\u0107, Dejan Dozet i Branka Rodi\u0107, administratori sistema Vladimir Jano\u0161ev i Milanko Paji\u0107, kao i Nenad Pavlovi\u0107, Slavi\u0161a Kojovi\u0107, Aleksandar Brankovi\u0107 i Luka Popovi\u0107, zatim fakturisti Svetlana Krsmanovi\u0107 i Vi\u0161nja Jezdimirovi\u0107 i statisti\u010dar Vera Vermezovi\u0107.<\/span><\/p>\n<p style=\"text-align: justify;\"><span style=\"color: #000000;\">Informati\u010dari rade na administraciji informacionih sistema Zavoda:<\/span><\/p>\n<ul style=\"text-align: justify;\">\n<li><span style=\"color: #000000;\">zdravstveni IS \u2013 HELIANT,<\/span><\/li>\n<li><span style=\"color: #000000;\">laboratorijski IS \u2013 LIS,<\/span><\/li>\n<li><span style=\"color: #000000;\">MONEO &#8211; finansijsi, ra\u010dunovodstveni, kadrovski IS<\/span><\/li>\n<li><span style=\"color: #000000;\">raznih web servisa,<\/span><\/li>\n<li><span style=\"color: #000000;\">na odr\u017eavanju ra\u010dunarske opreme, mre\u017ee, veb prezentacije&#8230;<\/span><\/li>\n<li><span style=\"color: #000000;\">korisni\u010dka podr\u0161ka<\/span><\/li>\n<\/ul>\n<p>[showbiz Inform][\/vc_column_text][\/vc_tta_section][\/vc_tta_tabs][\/vc_column][\/vc_row]<\/p>","protected":false},"excerpt":{"rendered":"<p>[vc_row][vc_column][vc_tta_tabs][vc_tta_section i_icon_fontawesome=&#8221;fa fa-arrow-circle-o-right&#8221; title=&#8221;Odeljenje socijalne medicine&#8221; tab_id=&#8221;1464252461254-8a238cea-68b1&#8243; add_icon=&#8221;true&#8221;][vc_column_text] U Odel\u0458enju socijalne medicine obavl\u0458aju se aktivnosti u vezi pra\u0107enja procesa rada Zavoda i optimalnog kori\u0161\u0107enja raspolo\u017eivih kapaciteta (kadrova, opreme, prostora) za obezbe\u0111ivanje zdravstvenih potreba studenata. Poslovi <p><a class=\"dp-readon\" href=\"https:\/\/zzzzsbg.rs\/rs\/sluzba-socijalne-medicine-sa-informatikom\/\"><span>Detaljnije...<\/span><\/a><\/p><\/p>\n","protected":false},"author":1,"featured_media":0,"parent":0,"menu_order":0,"comment_status":"closed","ping_status":"closed","template":"","meta":{"footnotes":""},"class_list":["post-1272","page","type-page","status-publish","hentry"],"_links":{"self":[{"href":"https:\/\/zzzzsbg.rs\/rs\/wp-json\/wp\/v2\/pages\/1272","targetHints":{"allow":["GET"]}}],"collection":[{"href":"https:\/\/zzzzsbg.rs\/rs\/wp-json\/wp\/v2\/pages"}],"about":[{"href":"https:\/\/zzzzsbg.rs\/rs\/wp-json\/wp\/v2\/types\/page"}],"author":[{"embeddable":true,"href":"https:\/\/zzzzsbg.rs\/rs\/wp-json\/wp\/v2\/users\/1"}],"replies":[{"embeddable":true,"href":"https:\/\/zzzzsbg.rs\/rs\/wp-json\/wp\/v2\/comments?post=1272"}],"version-history":[{"count":0,"href":"https:\/\/zzzzsbg.rs\/rs\/wp-json\/wp\/v2\/pages\/1272\/revisions"}],"wp:attachment":[{"href":"https:\/\/zzzzsbg.rs\/rs\/wp-json\/wp\/v2\/media?parent=1272"}],"curies":[{"name":"wp","href":"https:\/\/api.w.org\/{rel}","templated":true}]}}