    

{"id":1062,"date":"2016-05-19T09:13:45","date_gmt":"2016-05-19T09:13:45","guid":{"rendered":"http:\/\/zzzzsbg.rs\/?page_id=1062"},"modified":"2025-03-10T11:06:28","modified_gmt":"2025-03-10T10:06:28","slug":"%d0%be-nama","status":"publish","type":"page","link":"https:\/\/zzzzsbg.rs\/rs\/%d0%be-nama\/","title":{"rendered":"\u041e nama"},"content":{"rendered":"<p><\/p>\n<p style=\"text-align: justify;\"><span style=\"color: #000000;\"><strong>Dragi studenti,<\/strong><\/span><br \/>\n<span style=\"color: #000000;\"> Zadovol\u0458stvo nam je da vam predstavimo internet prezentaciju Zavoda za zdravstvenu za\u0161titu studenata, Beograd.<\/span><br \/>\n<span style=\"color: #000000;\"> Zavod je ustanova tradicionalno posve\u0107ena zdravl\u0458u studenata i predstavl\u0458a najbol\u0458e mesto na kojem mo\u017eete dobiti dragocene savete i usluge kako da ostanete zdravi ili re\u0161ite aktuelni zdravstveni problem.<\/span><br \/>\n<span style=\"color: #000000;\"> Delovanje Zavoda prilago\u0111eno je re\u0161avanju najzastupl\u0458enijih zdravstvenih problema studenata, poput problema sa reproduktivnim zdravl\u0458em, polno prenosivim infekcijama, poreme\u0107ajaima ishrane, mentalnim zdravl\u0458em, hroni\u010dnim nezaraznim obol\u0458enjima, dermatolo\u0161kim poreme\u0107ajima i brojnim akutnim poreme\u0107ajima zdravl\u0458a.<\/span><br \/>\n<span style=\"color: #000000;\"> Kontaktirajte nas i uverite se da smo va\u0161 najpouzdaniji partner na putu za bol\u0458e zdravl\u0458e!<\/span><\/p>\n<p style=\"text-align: right;\"><span style=\"color: #000000;\"><strong>Va\u0161 Zavod<\/strong><\/span><\/p>\n<p style=\"text-align: justify;\"><span style=\"color: #000000;\"><strong>Istorijat<\/strong><\/span><\/p>\n<p style=\"text-align: justify;\"><span style=\"color: #000000;\">Po\u010deci zdravstvene za\u0161tite studenata vezani su za po\u010detak rada Univerziteta. Prvi lekari, za oko 6.000 studenata Beogradskog Univerziteta (1924-1928. god.) bili su dr Milutin Kop\u0161a za studente i dr Neda Jovanovi\u0107 za studentkinje. Godine 1928. izgra\u0111en je &#8220;Dom kral\u0458a Aleksandra I&#8221;, a uskoro zatim i dva doma za studentkinje. Dve godine kasnije (1930.godine) osnovan je Univerzitetski fond za zdravstvenu za\u0161titu studenata. Tako\u0111e su otvoreni: Studentski dom &#8220;Gajret&#8221; u Zemunu, Dom ruskih studenta i Dom bogoslovaca. Godine 1948. studentima Univerziteta u Beogradu ustupl\u0458en je sanatorijum &#8220;Pantovi\u0107&#8221;, a \u010detiri godine kasnije i zgrada u ul. Proleterskih brigada. Studentska poliklinika sa Stacionarom, osnovana je 1961. godine, kao specijalizovana zdravstvena ustanova \u010diji je cil\u0458 briga o sveobuhvatnoj zdravstvenoj za\u0161titi studenata sa posebnim akcentom na preventivi.<\/span><\/p>\n<p style=\"text-align: justify;\"><span style=\"color: #000000;\">\u00a0Od 1985. &#8211; 1992. godine prostor je rekonstruisan i ure\u0111en tako da su stvarani uslovi za organizovanje ve\u0107eg broja sistematskih pregleda, kao i bol\u0458i rad kurativnih slu\u017ebi. U ovom periodu oforml\u0458eno je Savetovali\u0161te za mentalno zdravl\u0458e studenata, formirana i slu\u017eba preventivne medicine. Inteziviran je higijensko- epidemiolo\u0161ki nadzor u objektima studentskog sme\u0161taja i ishrane, kao i zdravstveno- vaspitni rad sa studentima. Za\u017eivele su tribine po studentskim domovima, organizovane, naro\u010dito, povodom &#8220;Dana zdravl\u0458a studenata&#8221; i Dana studenata.<\/span><\/p>\n<p style=\"text-align: justify;\"><strong><span style=\"color: #000000;\">Pod imenom Zavod za zdravstvenu za\u0161titu studenata, Beograd, ustanova je registrovana 1999. godine.<\/span><\/strong><\/p>\n<p><span style=\"color: #000000;\">\u041e\u0434\u043b\u0443\u043a\u043e\u043c \u043e \u043f\u0440\u0435\u0443\u0437\u0438\u043c\u0430\u045a\u0443 \u043e\u0441\u043d\u0438\u0432\u0430\u0447\u043a\u0438\u0445 \u043f\u0440\u0430\u0432\u0430 \u043d\u0430\u0434 \u0437\u0430\u0432\u043e\u0434\u0438\u043c\u0430 \u043a\u043e\u0458\u0438 \u043e\u0431\u0430\u0432\u0459\u0430\u0458\u0443 \u0434\u0435\u043b\u0430\u0442\u043d\u043e\u0441\u0442 \u043d\u0430 \u043f\u0440\u0438\u043c\u0430\u0440\u043d\u043e\u043c \u043d\u0438\u0432\u043e\u0443 \u0437\u0434\u0440\u0430\u0432\u0441\u0442\u0432\u0435\u043d\u0435 \u0437\u0430\u0448\u0442\u0438\u0442\u0435, \u043e\u0434 05.03.2020. \u0433\u043e\u0434\u0438\u043d\u0435 (\u201e\u0421\u043b. \u0433\u043b\u0430\u0441\u043d\u0438\u043a \u0420\u0421\u201c \u0431\u0440. 21\/2020) \u0420\u0435\u043f\u0443\u0431\u043b\u0438\u043a\u0430 \u0421\u0440\u0431\u0438\u0458\u0430 \u0458\u0435 \u043f\u0440\u0435\u0443\u0437\u0435\u043b\u0430 \u043e\u0441\u043d\u0438\u0432\u0430\u0447\u043a\u0430 \u043f\u0440\u0430\u0432\u0430 \u043d\u0430\u0434 \u0417\u0430\u0432\u043e\u0434\u043e\u043c \u0437\u0430 \u0437\u0434\u0440\u0430\u0432\u0441\u0442\u0432\u0435\u043d\u0443 \u0437\u0430\u0448\u0442\u0438\u0442\u0443 \u0441\u0442\u0443\u0434\u0435\u043d\u0430\u0442\u0430, \u0411\u0435\u043e\u0433\u0440\u0430\u0434. \u041f\u0440\u043e\u043c\u0435\u043d\u0430 \u043e\u0441\u043d\u0438\u0432\u0430\u0447\u0430 \u0417\u0430\u0432\u043e\u0434\u0430 \u0443\u043f\u0438\u0441\u0430\u043d\u0430 \u0458\u0435 \u0443 \u0441\u0443\u0434\u0441\u043a\u0438 \u0440\u0435\u0433\u0438\u0441\u0442\u0430\u0440 \u041f\u0440\u0438\u0432\u0440\u0435\u0434\u043d\u043e\u0433 \u0441\u0443\u0434\u0430 \u0443 \u0411\u0435\u043e\u0433\u0440\u0430\u0434\u0443,\u00a0 \u0420\u0435\u0448\u0435\u045a\u0435\u043c \u0431\u0440. \u0424\u0438-298\/2020 \u043e\u0434 02.06.2020. \u0433\u043e\u0434\u0438\u043d\u0435.<\/span><\/p>\n<p style=\"text-align: justify;\"><span style=\"color: #000000;\">\u00a0<\/span><\/p>\n<p style=\"text-align: justify;\"><span style=\"color: #000000;\"><strong>Delatnost Zavoda<\/strong><\/span><\/p>\n<p style=\"text-align: justify;\"><span style=\"color: #000000;\">Zavod obezbe\u0111uje zdravstvenu za\u0161titu na primarnom\u00a0 nivou, kao i stacionarno le\u010denje za studente univerziteta i visokih \u0161kola strukovnih studija u Beogradu.<\/span><\/p>\n<p style=\"text-align: justify;\"><span style=\"color: #000000;\">U okviru svoje delatnosti Zavod naro\u010dito:<\/span><\/p>\n<ol style=\"text-align: justify;\">\n<li><span style=\"color: #000000;\">Obavl\u0458a poslove promocije, za\u0161tite i unapre\u0111enja zdravl\u0458a, spre\u010davanja i ranog otkrivanja bolesti, le\u010denje, rehabilitaciju bolesnih i povre\u0111enih;<\/span><\/li>\n<li><span style=\"color: #000000;\">Prati i prou\u010dava zdravstveno stanje studenata i predla\u017ee mere za o\u010duvanje i unapre\u0111enje njihovog zdravl\u0458a;<\/span><\/li>\n<li><span style=\"color: #000000;\">Istra\u017euje i otkriva uzroke i pojave \u0161irenja obol\u0458enja i povreda, kao i na\u010din i mere njihovog suzbijanja, ranog otkrivanja, efikasnog i kvalitetnog le\u010denja, rehabilitacije i spre\u010davanja invalidnosti;<\/span><\/li>\n<li><span style=\"color: #000000;\">Prati i sprovodi stru\u010dno i nau\u010dno utvr\u0111ene metode dijagnostike, le\u010denja i rehabilitacije, po\u0161tuju\u0107i stru\u010dno\u2013metodolo\u0161ke i doktrinarne kriterijume (protokole);<\/span><\/li>\n<li><span style=\"color: #000000;\">Organizuje i sprovodi stru\u010dno usavr\u0161avanje zdravstvenih radnika, zdravstvenih i ostalih saradnika;<\/span><\/li>\n<li><span style=\"color: #000000;\">Obavl\u0458a redovnu kontrolu kvaliteta ishrane u studentskim i \u0111a\u010dkim restoranima, kao i redovan higijensko-sanitarni nadzor u objektima za kolektivni sme\u0161taj \u0111aka i studenata<\/span><\/li>\n<li><span style=\"color: #000000;\">U\u010destvuje u sprovo\u0111enju neophodnih mera u slu\u010daju elementarnih nepogoda ili drugih vanrednih situacija;<\/span><\/li>\n<li><span style=\"color: #000000;\">Organizuje i sprovodi unutra\u0161nji nadzor nad stru\u010dnim radom;<\/span><\/li>\n<li><span style=\"color: #000000;\">Obavl\u0458a druge poslove u skladu sa zakonom.<\/span><\/li>\n<\/ol>\n<p style=\"text-align: justify;\"><span style=\"color: #000000;\"><strong>Misija\u00a0Zavoda<\/strong><\/span><\/p>\n<p style=\"text-align: justify;\">Zavod za zdravstvenu za\u0161titu studenata, Beograd, je ustanova koja obezbe\u0111uje zdravstvenu za\u0161titu za studente svih univerziteta i visokih \u0161kola strukovnih studija u Beogradu, na primarnom nivou zdravstvene za\u0161tite, kao i stacionarno le\u010denje u skladu sa zakonom. Kroz permanentno u\u010denje, dinami\u010dnost, fleksibilnost, dostupnost i sveobuhvatnost, zaposleni u Zavodu za zdravstvenu za\u0161titu studenata, Beograd, doprinose stalnom unapre\u0111enju i o\u010duvanju zdravl\u0458a studentske populacije. Programe prevencije i le\u010denja studenata zdravstveni radnici i zdravstveni saradnici Zavoda ostvaruju kroz visoko profesionalan odnos prema poslu i prijatel\u0458ski pristup u radu sa mladima.<\/p>\n<p style=\"text-align: justify;\"><span style=\"color: #000000;\"><strong>Vizija\u00a0Zavoda<\/strong><\/span><\/p>\n<p style=\"text-align: justify;\">Zavod za zdravstvenu za\u0161titu studenata ima za cil\u0458 da postane vode\u0107a ustanova u oblasti za\u0161tite zdravl\u0458a mladih u regionu i da bude partner mladima u o\u010duvanju i unapre\u0111enju njihovog zdravl\u0458a. Razvoj Zavoda temel\u0458i se na stvaranju najvi\u0161ih standarda kvalitetne i bezbedne zdravstvene usluge, koji \u0107e zadovol\u0458iti zahteve i potrebe korisnika. Zavod je posve\u0107en studentskoj populaciji, sa vizijom da svakodnevno pru\u017ea blagovremene, kvalitetne, savremene i multidisciplinarne usluge, po\u0161tuju\u0107i bazi\u010dne eti\u010dke principe, prate\u0107i savremena dostignu\u0107a u medicini i pridr\u017eavaju\u0107i se vodi\u010da dobre prakse.<\/p>\n<p><strong>Rukovodioci:<\/strong><\/p>\n<p><strong>V.D. Direktora:<\/strong><\/p>\n<p>Doc. dr Vladan \u0110or\u0111evi\u0107, specijalista parodontologije i oralne medicine, master javnog zdravl\u0458a<\/p>\n<p><strong>Pomo\u0107nici direktora:<\/strong><\/p>\n<p>Dr Dragana \u017diberna, pomo\u0107nik direktora za medicinske poslove<br \/>\nDr Mirjana Mihajlovi\u0107, pomo\u0107nik direktora na primarnom nivou zdravstvene za\u0161tite (za kvalitet)<br \/>\nMirjana Vujanovi\u0107, dipl. pravnik, pomo\u0107nik direktora za nemedicinske poslove<\/p>\n<p><strong>Na\u010delnici slu\u017ebi:<\/strong><\/p>\n<p>Prim dr sc. med. Sne\u017eana Stojanovi\u0107 Risti\u0107, Slu\u017eba op\u0161te medicine<br \/>\nDr Jovo Martinovi\u0107, Slu\u017eba stomatolo\u0161ke zdravstvene za\u0161tite<br \/>\nDr Tatjana Ivanovi\u0107, Slu\u017eba za specijalisti\u010dko-konsultativnu delatnost<br \/>\nDr Mirjana Mihajlovi\u0107, Slu\u017eba za unapre\u0111enje i o\u010duvanje zdravl\u0458a<br \/>\nMr ph Dragana Konstantinovi\u0107 \u0110urovi\u0107, Slu\u017eba za medicinsku dijagnostiku<br \/>\nDr Dragana \u017diberna, Stacionar<\/p>\n<p>&nbsp;<\/p>","protected":false},"excerpt":{"rendered":"<p>Dragi studenti, Zadovol\u0458stvo nam je da vam predstavimo internet prezentaciju Zavoda za zdravstvenu za\u0161titu studenata, Beograd. Zavod je ustanova tradicionalno posve\u0107ena zdravl\u0458u studenata i predstavl\u0458a najbol\u0458e mesto na kojem mo\u017eete dobiti dragocene savete i usluge <p><a class=\"dp-readon\" href=\"https:\/\/zzzzsbg.rs\/rs\/%d0%be-nama\/\"><span>Detaljnije...<\/span><\/a><\/p><\/p>\n","protected":false},"author":1,"featured_media":0,"parent":0,"menu_order":0,"comment_status":"closed","ping_status":"closed","template":"","meta":{"footnotes":""},"class_list":["post-1062","page","type-page","status-publish","hentry"],"_links":{"self":[{"href":"https:\/\/zzzzsbg.rs\/rs\/wp-json\/wp\/v2\/pages\/1062","targetHints":{"allow":["GET"]}}],"collection":[{"href":"https:\/\/zzzzsbg.rs\/rs\/wp-json\/wp\/v2\/pages"}],"about":[{"href":"https:\/\/zzzzsbg.rs\/rs\/wp-json\/wp\/v2\/types\/page"}],"author":[{"embeddable":true,"href":"https:\/\/zzzzsbg.rs\/rs\/wp-json\/wp\/v2\/users\/1"}],"replies":[{"embeddable":true,"href":"https:\/\/zzzzsbg.rs\/rs\/wp-json\/wp\/v2\/comments?post=1062"}],"version-history":[{"count":7,"href":"https:\/\/zzzzsbg.rs\/rs\/wp-json\/wp\/v2\/pages\/1062\/revisions"}],"predecessor-version":[{"id":17821,"href":"https:\/\/zzzzsbg.rs\/rs\/wp-json\/wp\/v2\/pages\/1062\/revisions\/17821"}],"wp:attachment":[{"href":"https:\/\/zzzzsbg.rs\/rs\/wp-json\/wp\/v2\/media?parent=1062"}],"curies":[{"name":"wp","href":"https:\/\/api.w.org\/{rel}","templated":true}]}}