    

{"id":10442,"date":"2022-06-16T10:03:04","date_gmt":"2022-06-16T09:03:04","guid":{"rendered":"https:\/\/zzzzsbg.rs\/?page_id=10442"},"modified":"2024-07-23T10:40:52","modified_gmt":"2024-07-23T09:40:52","slug":"latinica-kvalitet","status":"publish","type":"page","link":"https:\/\/zzzzsbg.rs\/rs\/latinica-kvalitet\/","title":{"rendered":"KVALITET"},"content":{"rendered":"<p class=\"qtranxs-available-languages-message qtranxs-available-languages-message-rs\">Sorry, this entry is only available in <a href=\"https:\/\/zzzzsbg.rs\/sr\/wp-json\/wp\/v2\/pages\/10442\" class=\"qtranxs-available-language-link qtranxs-available-language-link-sr\" title=\"\u040b\u0438\u0440\u0438\u043b\u0438\u0446\u0430\">\u040b\u0438\u0440\u0438\u043b\u0438\u0446\u0430<\/a>. For the sake of viewer convenience, the content is shown below in the alternative language. You may click the link to switch the active language.<\/p><p><\/p>\n<ul>\n<li><a href=\"https:\/\/zzzzsbg.rs\/wp-content\/uploads\/2022\/06\/Pravilnik-o-pokazateljima-kvalitet-zdravstvene-zastite-i-proveri-kvaliteta-strucnog-rada.pdf\" target=\"_blank\" rel=\"noopener\">Pravilnik o pokazateljima kvalitet zdravstvene za\u0161tite i proveri kvaliteta stru\u010dnog rada<\/a><\/li>\n<li><a href=\"https:\/\/zzzzsbg.rs\/wp-content\/uploads\/2022\/06\/Obrazac-1.pdf\" target=\"_blank\" rel=\"noopener\">Obrazac 1<\/a><\/li>\n<li><a href=\"https:\/\/zzzzsbg.rs\/wp-content\/uploads\/2022\/06\/Obrazac-2.pdf\" target=\"_blank\" rel=\"noopener\">Obrazac 2<\/a><\/li>\n<li><a href=\"https:\/\/zzzzsbg.rs\/wp-content\/uploads\/2022\/06\/Program-unutrasnje-provere-kvaliteta-strucnog-rada-u-ZZZZSBeograd-za-2022.pdf\" target=\"_blank\" rel=\"noopener\">Program unutra\u0161nje provere kvaliteta stru\u010dnog rada u ZZZZS,Beograd za 2022<\/a><\/li>\n<li><a href=\"https:\/\/zzzzsbg.rs\/wp-content\/uploads\/2022\/06\/Plan-unapredenja-strucnog-rada-i-strucnog-razvoja-ZZZZS-Beograd-za-2022....pdf\" target=\"_blank\" rel=\"noopener\">Plan unapre\u0111enja stru\u010dnog rada i stru\u010dnog razvoja ZZZZS, Beograd za 2022.<\/a><\/li>\n<li><a href=\"https:\/\/zzzzsbg.rs\/wp-content\/uploads\/2024\/02\/Plan-za-unapredenje-strucnog-rada-i-strucnog-razvoja-Zavoda-za-2024.godi_.pdf\" target=\"_blank\" rel=\"noopener\">Plan za unapre\u0111enje stru\u010dnog rada i stru\u010dnog razvoja Zavoda za 2024.god<\/a><\/li>\n<li><a href=\"https:\/\/zzzzsbg.rs\/wp-content\/uploads\/2022\/06\/SUMARNI-IZVESTAJ-KOMISIJE-ZA-2021.GODINU.pdf\" target=\"_blank\" rel=\"noopener\">SUMARNI IZVE\u0160TAJ KOMISIJE ZA 2021.GODINU<\/a><\/li>\n<li><a href=\"https:\/\/zzzzsbg.rs\/wp-content\/uploads\/2022\/10\/Integrisani-plan-stalnog-unapredenja-kvaliteta-rada-zdravstvene.pdf\" target=\"_blank\" rel=\"noopener\">Integrisani plan stalnog unapre\u0111enja kvaliteta rada zdravstvene<\/a><\/li>\n<li><a href=\"https:\/\/zzzzsbg.rs\/wp-content\/uploads\/2022\/10\/Integrisani-izvestaj-o-radu-Komisije-za-unapredenje-kvaliteta-r.pdf\" target=\"_blank\" rel=\"noopener\">Integrisani izve\u0161taj o radu Komisije za unapre\u0111enje kvaliteta<\/a><\/li>\n<li><a href=\"https:\/\/zzzzsbg.rs\/wp-content\/uploads\/2023\/03\/Integrisani-plan-stalnog-unapredjenja-rada-zu-za-2023.-godinu.pdf\" target=\"_blank\" rel=\"noopener\">Integrisani plan stalnog unapredjenja rada zu za 2023. godinu<\/a><\/li>\n<li><a href=\"https:\/\/zzzzsbg.rs\/wp-content\/uploads\/2023\/03\/Integrisani-izvestaj-o-radu-Komisije-za-2022.-godinu.pdf\" target=\"_blank\" rel=\"noopener\">Integrisani izve\u0161taj o radu Komisije za 2022. godinu<\/a><\/li>\n<li><a href=\"https:\/\/zzzzsbg.rs\/wp-content\/uploads\/2024\/07\/Integrisani-izvestaj-o-radu-Komisije-za-2023.-godinu-sa-pecatima.pdf\" target=\"_blank\" rel=\"noopener\">Integrisani izve\u0161taj o radu Komisije za 2023. godinu<\/a><\/li>\n<li><a href=\"https:\/\/zzzzsbg.rs\/wp-content\/uploads\/2024\/07\/Integrisani-plan-stalnog-unapredjenja-rada-zu-za-2024.-godinu-sa-pecatima.pdf\" target=\"_blank\" rel=\"noopener\">Integrisani plan stalnog unapredjenja rada zu za\u00a0 2024. godinu<\/a><\/li>\n<\/ul>\n<p>&nbsp;<\/p>","protected":false},"excerpt":{"rendered":"<p>Sorry, this entry is only available in \u040b\u0438\u0440\u0438\u043b\u0438\u0446\u0430. For the sake of viewer convenience, the content is shown below in the alternative language. You may click the link to switch the active language. Pravilnik o <p><a class=\"dp-readon\" href=\"https:\/\/zzzzsbg.rs\/rs\/latinica-kvalitet\/\"><span>Detaljnije...<\/span><\/a><\/p><\/p>\n","protected":false},"author":1,"featured_media":0,"parent":0,"menu_order":0,"comment_status":"closed","ping_status":"closed","template":"","meta":{"footnotes":""},"class_list":["post-10442","page","type-page","status-publish","hentry"],"_links":{"self":[{"href":"https:\/\/zzzzsbg.rs\/rs\/wp-json\/wp\/v2\/pages\/10442","targetHints":{"allow":["GET"]}}],"collection":[{"href":"https:\/\/zzzzsbg.rs\/rs\/wp-json\/wp\/v2\/pages"}],"about":[{"href":"https:\/\/zzzzsbg.rs\/rs\/wp-json\/wp\/v2\/types\/page"}],"author":[{"embeddable":true,"href":"https:\/\/zzzzsbg.rs\/rs\/wp-json\/wp\/v2\/users\/1"}],"replies":[{"embeddable":true,"href":"https:\/\/zzzzsbg.rs\/rs\/wp-json\/wp\/v2\/comments?post=10442"}],"version-history":[{"count":0,"href":"https:\/\/zzzzsbg.rs\/rs\/wp-json\/wp\/v2\/pages\/10442\/revisions"}],"wp:attachment":[{"href":"https:\/\/zzzzsbg.rs\/rs\/wp-json\/wp\/v2\/media?parent=10442"}],"curies":[{"name":"wp","href":"https:\/\/api.w.org\/{rel}","templated":true}]}}