    

{"id":4544,"date":"2019-02-13T13:05:11","date_gmt":"2019-02-13T13:05:11","guid":{"rendered":"http:\/\/zzzzsbg.rs\/?page_id=4544"},"modified":"2026-05-05T13:52:57","modified_gmt":"2026-05-05T12:52:57","slug":"rukovodstvo-zavoda","status":"publish","type":"page","link":"https:\/\/zzzzsbg.rs\/en\/rukovodstvo-zavoda\/","title":{"rendered":"(Latinica) Rukovodstvo Zavoda"},"content":{"rendered":"<p class=\"qtranxs-available-languages-message qtranxs-available-languages-message-en\">Sorry, this entry is only available in <a href=\"https:\/\/zzzzsbg.rs\/rs\/wp-json\/wp\/v2\/pages\/4544\" class=\"qtranxs-available-language-link qtranxs-available-language-link-rs\" title=\"Latinica\">Latinica<\/a> and <a href=\"https:\/\/zzzzsbg.rs\/sr\/wp-json\/wp\/v2\/pages\/4544\" class=\"qtranxs-available-language-link qtranxs-available-language-link-sr\" title=\"\u040b\u0438\u0440\u0438\u043b\u0438\u0446\u0430\">\u040b\u0438\u0440\u0438\u043b\u0438\u0446\u0430<\/a>. For the sake of viewer convenience, the content is shown below in one of the available alternative languages. You may click one of the links to switch the site language to another available language.<\/p><p><\/p>\n<h2><strong><span style=\"color: #000000;\">RUKOVODSTVO ZAVODA\u00a0<\/span><\/strong><\/h2>\n<h3><strong><span style=\"color: #000000;\">UPRAVA:<\/span><\/strong><\/h3>\n<p><strong>V.d. direktora:<\/strong><br \/>\nDoc. dr Vladan \u0110or\u0111evi\u0107, spec. parodontologije i oralne medicine, master javnog zdravl\u0458a<br \/>\n<strong>Pomo\u0107nik direktora za medicinske poslove:<\/strong><br \/>\nDr Dragana \u017diberna, spec. interne medicine<br \/>\n<strong>Pomo\u0107nik direktora za kvalitet:<\/strong><br \/>\nDr Mirjana Mihajlovi\u0107, spec. epidemiologije<br \/>\n<strong>Pomo\u0107nik direktora za nemedicinske poslove:<\/strong><br \/>\nMirjana Vujanovi\u0107, dipl. pravnik<br \/>\n<strong>Glavna medicinska sestra:<\/strong><br \/>\nBojana Novakovi\u0107, vi\u0161a medicinska sestra<\/p>\n<p><strong>ORGANI UPRAVLjAN\u0458A:<\/strong><\/p>\n<p><strong>V.d. direktora:<\/strong><br \/>\nDoc. dr Vladan \u0110or\u0111evi\u0107, spec. parodontologije i oralne medicine, master javnog zdravl\u0458a<\/p>\n<p><strong>Upravni odbor:<\/strong><br \/>\nTina Nin\u010di\u0107, dipl. menad\u017eer &#8211; predsednik<br \/>\nDr Aleksandar Stanimirovi\u0107, spec. neurohirurgije &#8211; \u010dlan<br \/>\nPrim. dr Vesna Laketi\u0107, spec. op\u0161te medicine &#8211; \u010dlan<\/p>\n<p><strong>Nadzorni odbor:<\/strong><br \/>\nDr Nikola Jefti\u0107, spec. op\u0161te hirurgije &#8211; predsednik<br \/>\nDr Slobodanka Trivi\u0107, doktor medicine &#8211; \u010dlan<br \/>\nDr Jelena Rnjakovi\u0107, doktor stomatologije &#8211; \u010dlan<\/p>\n<p><strong>\u010clanovi Stru\u010dnog saveta Zavoda:<\/strong><br \/>\nDr Milena Toma\u0161evi\u0107<em>, <\/em>spec. op\u0161te medicine \u2013 zamenik predsednika<br \/>\nDr Ana Stojanovi\u0107, doktor medicine \u2013 \u010dlan<br \/>\nDr Verica Jovanovi\u0107, spec. oftalmologije \u2013 \u010dlan<br \/>\nDr Svetlana \u010colovi\u0107, spec. ginekologije i aku\u0161erstva \u2013 \u010dlan<br \/>\nDr Katarina Petrovi\u0107, doktor stomatologije \u2013 \u010dlan<br \/>\nDr Nina Maci\u0107, doktor medicine \u2013 \u010dlan<br \/>\nDr Tanja Radonji\u0107, spec. radiologije \u2013 \u010dlan<\/p>\n<p>Obavezno prisustvuje Bojana Novakovi\u0107, glavna sestra Zavoda<\/p>\n<p><strong>\u010clanovi Komisije za unapre\u0111en\u0458e kvaliteta zdravstvene za\u0161tite:<\/strong><\/p>\n<p>Dr Marijana Pe\u0161i\u0107, spec. op\u0161te medicine, predsednik<br \/>\nDr Vanja Vukadinovi\u0107, doktor stomatologije,\u010dlan<br \/>\nDr Tatjana Ivanovi\u0107, spec. oftalmologije-na\u010delnica Slu\u017ebe za specijalisti\u010dko-konsultativnu delatnost,\u010dlan<br \/>\nMr sci. med. dr Sanja Dimitrijevi\u0107, spec. ginekologije i aku\u0161erstva, \u010dlan<br \/>\nMr ph Dobrila Savovi\u0107, spec. med. biohemije,\u010dlan<br \/>\nJasmina Stankovi\u0107, strukovna medicinska sestra,odgovorna sestra Slu\u017ebe socijalne medicine sa informatikom, \u010dlan<br \/>\nBojana Novakovi\u0107, strukovna medicinska sestra- glavna sestra Zavoda, \u010dlan<\/p>\n<p><strong>\u010clanovi Eti\u010dkog odbora:<\/strong><br \/>\nPrim. dr sci. med. Sne\u017eana Stojanovi\u0107 Risti\u0107, spec.op\u0161te medicine-na\u010delnik Slu\u017ebe op\u0161te medicine &#8211; \u010dlan<br \/>\nDr Mirjana Mihajlovi\u0107, spec. epidemiologije &#8211; \u010dlan<br \/>\nDr Ivana Vu\u010deti\u0107 Vasi\u0107, spec. psihijatrije &#8211; \u010dlan<br \/>\nDr Jovo Martinovi\u0107, spec. oralne hirurgije,na\u010delnik Slu\u017ebe za stom.zz &#8211; \u010dlan<br \/>\nBojana S. \u0110ur\u0111evi\u0107, vi\u0161a medicinska sestra &#8211; \u010dlan<br \/>\n<\/p>","protected":false},"excerpt":{"rendered":"<p>Sorry, this entry is only available in Latinica and \u040b\u0438\u0440\u0438\u043b\u0438\u0446\u0430. For the sake of viewer convenience, the content is shown below in one of the available alternative languages. You may click one of the links <p><a class=\"dp-readon\" href=\"https:\/\/zzzzsbg.rs\/en\/rukovodstvo-zavoda\/\"><span>Detaljnije...<\/span><\/a><\/p><\/p>\n","protected":false},"author":1,"featured_media":0,"parent":0,"menu_order":0,"comment_status":"closed","ping_status":"closed","template":"","meta":{"footnotes":""},"class_list":["post-4544","page","type-page","status-publish","hentry"],"_links":{"self":[{"href":"https:\/\/zzzzsbg.rs\/en\/wp-json\/wp\/v2\/pages\/4544","targetHints":{"allow":["GET"]}}],"collection":[{"href":"https:\/\/zzzzsbg.rs\/en\/wp-json\/wp\/v2\/pages"}],"about":[{"href":"https:\/\/zzzzsbg.rs\/en\/wp-json\/wp\/v2\/types\/page"}],"author":[{"embeddable":true,"href":"https:\/\/zzzzsbg.rs\/en\/wp-json\/wp\/v2\/users\/1"}],"replies":[{"embeddable":true,"href":"https:\/\/zzzzsbg.rs\/en\/wp-json\/wp\/v2\/comments?post=4544"}],"version-history":[{"count":10,"href":"https:\/\/zzzzsbg.rs\/en\/wp-json\/wp\/v2\/pages\/4544\/revisions"}],"predecessor-version":[{"id":21232,"href":"https:\/\/zzzzsbg.rs\/en\/wp-json\/wp\/v2\/pages\/4544\/revisions\/21232"}],"wp:attachment":[{"href":"https:\/\/zzzzsbg.rs\/en\/wp-json\/wp\/v2\/media?parent=4544"}],"curies":[{"name":"wp","href":"https:\/\/api.w.org\/{rel}","templated":true}]}}