    

{"id":1274,"date":"2016-05-20T10:34:58","date_gmt":"2016-05-20T10:34:58","guid":{"rendered":"http:\/\/zzzzsbg.rs\/?page_id=1274"},"modified":"2016-06-09T12:57:40","modified_gmt":"2016-06-09T12:57:40","slug":"sluzba-stomatoloske-zdravstvene-zastite","status":"publish","type":"page","link":"https:\/\/zzzzsbg.rs\/en\/sluzba-stomatoloske-zdravstvene-zastite\/","title":{"rendered":"Dental Care"},"content":{"rendered":"<p class=\"qtranxs-available-languages-message qtranxs-available-languages-message-en\">Sorry, this entry is only available in <a href=\"https:\/\/zzzzsbg.rs\/rs\/wp-json\/wp\/v2\/pages\/1274\" class=\"qtranxs-available-language-link qtranxs-available-language-link-rs\" title=\"Latinica\">Latinica<\/a> and <a href=\"https:\/\/zzzzsbg.rs\/sr\/wp-json\/wp\/v2\/pages\/1274\" class=\"qtranxs-available-language-link qtranxs-available-language-link-sr\" title=\"\u040b\u0438\u0440\u0438\u043b\u0438\u0446\u0430\">\u040b\u0438\u0440\u0438\u043b\u0438\u0446\u0430<\/a>. For the sake of viewer convenience, the content is shown below in one of the available alternative languages. You may click one of the links to switch the site language to another available language.<\/p><p><img loading=\"lazy\" decoding=\"async\" class=\"alignleft wp-image-1759 size-medium\" src=\"http:\/\/zzzzsbg.rs\/wp-content\/uploads\/2016\/06\/Stomatologija-2-1-300x168.jpg\" alt=\"Stomatologija 2\" width=\"300\" height=\"168\" srcset=\"https:\/\/zzzzsbg.rs\/wp-content\/uploads\/2016\/06\/Stomatologija-2-1-300x168.jpg 300w, https:\/\/zzzzsbg.rs\/wp-content\/uploads\/2016\/06\/Stomatologija-2-1.jpg 410w\" sizes=\"auto, (max-width: 300px) 100vw, 300px\" \/><\/p>\n<p><span style=\"color: #000000;\">\u017delite li lepe i zdrave zube?<\/span><br \/>\n<span style=\"color: #000000;\">Mo\u017eda, neodol\u0458iv i blistav osmeh?\u00a0<\/span><br \/>\n<span style=\"color: #000000;\">Ili, osmeh kojim \u0107ete pleniti i po kojem \u0107e Vas pamtiti?<\/span><br \/>\n<span style=\"color: #000000;\">A, mo\u017eda Vas zub mu\u010di danima i ne znate da se oslobodite upornog i dosadnog bola.<\/span><\/p>\n<p><span style=\"color: #000000;\">Slu\u017eba za stomatolo\u0161ku za\u0161titu pru\u017ea besplatnu zdravstvenu za\u0161titu studentima u okviru le\u010denja bolesti usta i zuba, u ambulantama u sedi\u0161tu Zavoda Krunska 57 III sprat i u ambulantama u Studentskom gradu.<\/span><\/p>\n<p><span style=\"color: #000000;\">Uz overenu zdravstvenu knji\u017eicu i indeks, preglede mo\u017eete obaviti svakog radnog dana u vremenu od 7 do 20 sati i subotom od 8 do 16 sati.<\/span><\/p>\n<p>[showbiz Stomat]<\/p>","protected":false},"excerpt":{"rendered":"<p>Sorry, this entry is only available in Latinica and \u040b\u0438\u0440\u0438\u043b\u0438\u0446\u0430. For the sake of viewer convenience, the content is shown below in one of the available alternative languages. You may click one of the links <p><a class=\"dp-readon\" href=\"https:\/\/zzzzsbg.rs\/en\/sluzba-stomatoloske-zdravstvene-zastite\/\"><span>Detaljnije...<\/span><\/a><\/p><\/p>\n","protected":false},"author":1,"featured_media":0,"parent":0,"menu_order":0,"comment_status":"closed","ping_status":"closed","template":"","meta":{"footnotes":""},"class_list":["post-1274","page","type-page","status-publish","hentry"],"_links":{"self":[{"href":"https:\/\/zzzzsbg.rs\/en\/wp-json\/wp\/v2\/pages\/1274","targetHints":{"allow":["GET"]}}],"collection":[{"href":"https:\/\/zzzzsbg.rs\/en\/wp-json\/wp\/v2\/pages"}],"about":[{"href":"https:\/\/zzzzsbg.rs\/en\/wp-json\/wp\/v2\/types\/page"}],"author":[{"embeddable":true,"href":"https:\/\/zzzzsbg.rs\/en\/wp-json\/wp\/v2\/users\/1"}],"replies":[{"embeddable":true,"href":"https:\/\/zzzzsbg.rs\/en\/wp-json\/wp\/v2\/comments?post=1274"}],"version-history":[{"count":0,"href":"https:\/\/zzzzsbg.rs\/en\/wp-json\/wp\/v2\/pages\/1274\/revisions"}],"wp:attachment":[{"href":"https:\/\/zzzzsbg.rs\/en\/wp-json\/wp\/v2\/media?parent=1274"}],"curies":[{"name":"wp","href":"https:\/\/api.w.org\/{rel}","templated":true}]}}